{"id":2461,"date":"2023-02-22T11:27:19","date_gmt":"2023-02-22T10:27:19","guid":{"rendered":"https:\/\/www.ingogroup.es\/?page_id=2461"},"modified":"2023-10-16T12:02:09","modified_gmt":"2023-10-16T10:02:09","slug":"aviso-legal","status":"publish","type":"page","link":"https:\/\/www.ingogroup.es\/ca\/aviso-legal\/","title":{"rendered":"Aviso Legal"},"content":{"rendered":"<div data-elementor-type=\"wp-page\" data-elementor-id=\"2461\" class=\"elementor elementor-2461\" data-elementor-post-type=\"page\">\n\t\t\t\t\t\t<section class=\"elementor-section elementor-top-section elementor-element elementor-element-9e6fd18 elementor-section-boxed elementor-section-height-default elementor-section-height-default\" data-id=\"9e6fd18\" data-element_type=\"section\" data-e-type=\"section\">\n\t\t\t\t\t\t<div class=\"elementor-container elementor-column-gap-default\">\n\t\t\t\t\t<div class=\"elementor-column elementor-col-100 elementor-top-column elementor-element elementor-element-1d19221\" data-id=\"1d19221\" data-element_type=\"column\" data-e-type=\"column\">\n\t\t\t<div class=\"elementor-widget-wrap elementor-element-populated\">\n\t\t\t\t\t\t<div class=\"elementor-element elementor-element-ef9365d elementor-widget elementor-widget-heading\" data-id=\"ef9365d\" data-element_type=\"widget\" data-e-type=\"widget\" data-widget_type=\"heading.default\">\n\t\t\t\t<div class=\"elementor-widget-container\">\n\t\t\t\t\t<h2 class=\"elementor-heading-title elementor-size-default\">AV\u00cdS LEGAL<\/h2>\t\t\t\t<\/div>\n\t\t\t\t<\/div>\n\t\t\t\t<div class=\"elementor-element elementor-element-e05b93c animated-slow elementor-invisible elementor-widget elementor-widget-text-editor\" data-id=\"e05b93c\" data-element_type=\"widget\" data-e-type=\"widget\" data-settings=\"{&quot;_animation&quot;:&quot;fadeIn&quot;,&quot;_animation_delay&quot;:600}\" data-widget_type=\"text-editor.default\">\n\t\t\t\t<div class=\"elementor-widget-container\">\n\t\t\t\t\t\t\t\t\t<div class=\"wpb_text_column wpb_content_element\">\n<div class=\"wpb_wrapper\">\n<p class=\"p1\"><span class=\"s1\">El prestador, responsable del lloc web, posa a la disposici\u00f3 dels usuaris el present document amb el qual pret\u00e9n donar compliment a les obligacions disposades en la Llei 34\/2002, de Serveis de la Societat de la Informaci\u00f3 i del Comer\u00e7 Electr\u00f2nic (LSSI-CE), aix\u00ed com informar a tots els usuaris del lloc web respecte a quines s\u00f3n les condicions d'\u00fas del lloc web.<\/span><\/p>\n<p class=\"p1\"><span class=\"s1\">Tota persona que accedeixi a aquest lloc web assumeix el paper d'usuari, comprometent-se a l'observan\u00e7a i compliment rigor\u00f3s de les disposicions aqu\u00ed disposades, aix\u00ed com a qualsevol altra disposici\u00f3 legal que fos aplicable.<\/span><\/p>\n<p class=\"p1\"><span class=\"s1\">El prestador es reserva el dret a modificar qualsevol tipus d'informaci\u00f3 que pogu\u00e9s apar\u00e8ixer en el lloc web, sense que existeixi obligaci\u00f3 de preavisar o posar en coneixement dels usuaris aquestes obligacions, entenent-se com a suficient amb la publicaci\u00f3 en el lloc web del prestador.<\/span><\/p>\n<p><\/p>\n<p class=\"p1\"><span class=\"s1\"><b>A) Dades identificatives:<\/b><\/span><\/p>\n<p class=\"p4\"><span class=\"s1\"><b>Denominaci\u00f3 Social: <\/b>INGOGROUP IMPRESI\u00d3N Y DISE\u00d1O, S.A.<\/span><\/p>\n<p class=\"p4\"><span class=\"s1\"><b>Nom Comercial: <\/b>INGOGROUP<\/span><\/p>\n<p class=\"p5\"><span class=\"s1\"><b>Domicili Social: <\/b>C\/Onyar 1-3 &#8211; 17457 &#8211; Riudellots de la Selva &#8211; GIRONA<\/span><\/p>\n<p class=\"p5\"><span class=\"s1\"><b>NIF: <\/b>A17923418<\/span><\/p>\n<p class=\"p4\"><span class=\"s1\"><b>Tel\u00e8fon: <\/b>972 478 789<\/span><\/p>\n<p class=\"p6\"><span class=\"s2\"><b>E-Mail: <\/b><a href=\"mailto:lopd@ingogroup.es\" target=\"_blank\" rel=\"noopener\"><span class=\"s3\">lopd@ingogroup.es<\/span><\/a> <\/span><\/p>\n<p class=\"p4\"><span class=\"s1\"><b>Dades registrals: <\/b><\/span><\/p>\n<p class=\"p6\"><span class=\"s2\"><b>P\u00e0gina Web: <\/b><a href=\"http:\/\/www.ingogroup.es\/ca\/\" target=\"_blank\" rel=\"noopener\"><span class=\"s4\">www.ingogroup.es<\/span><\/a><\/span><\/p>\n<p class=\"p9\"><span class=\"s1\"><b>B) Exempci\u00f3 de responsabilitat<\/b><\/span><\/p>\n<p class=\"p9\"><b><\/b><span class=\"s1\">El prestador s'eximeix de qualsevol tipus de responsabilitat derivada de la informaci\u00f3 publicada en el seu lloc web, sempre que aquesta informaci\u00f3 hagi estat manipulada o introdu\u00efda per un tercer ali\u00e8 a aquest.<\/span><\/p>\n<p class=\"p1\"><span class=\"s1\">Des del lloc web del client \u00e9s possible que es redirigeixi a continguts de tercers llocs web. At\u00e8s que el prestador no pot controlar sempre els continguts introdu\u00efts per tercers en els seus llocs web, aquest no assumeix cap mena de responsabilitat respecte a aquests continguts. En tot cas, el prestador manifesta que procedir\u00e0 a la retirada immediata de qualsevol contingut que pogu\u00e9s contravenir la legislaci\u00f3 nacional o internacional, la moral o l'ordre p\u00fablic, procedint a la retirada immediata de la redirecci\u00f3 a aquest lloc web, posant en coneixement de les autoritats competents el contingut en q\u00fcesti\u00f3.<\/span><\/p>\n<p class=\"p1\"><span class=\"s1\">El prestador no es fa responsable de la informaci\u00f3 i continguts emmagatzemats, a t\u00edtol enunciatiu, per\u00f2 no limitatiu, en f\u00f2rums, xats, generadors de blogs, comentaris, xarxes socials o qualsevol altre mitj\u00e0 que permeti a tercers publicar continguts de manera independent en la p\u00e0gina web del prestador. No obstant aix\u00f2, i en compliment del que es disposa en l'art. 11 i 16 de la LSSI-CE, el prestador es posa a la disposici\u00f3 de tots els usuaris, autoritats i forces de seguretat, col\u00b7laborant de manera activa en la retirada o en el seu cas bloqueig de tots aquells continguts que poguessin afectar o contravenir la legislaci\u00f3 nacional, o internacional, drets de tercers o la moral i l'ordre p\u00fablic. En cas que l'usuari consideri que existeix en el lloc web algun contingut que pogu\u00e9s ser susceptible d'aquesta classificaci\u00f3, es prega que ho notifiqui de manera immediata a l'administrador del lloc web.<\/span><\/p>\n<p class=\"p1\"><span class=\"s1\">Aquest lloc web ha estat revisat i provat perqu\u00e8 funcioni correctament. En principi, pot garantir-se el correcte funcionament els 365 dies de l'any, 24 hores al dia. No obstant aix\u00f2, el prestador no descarta la possibilitat que existeixin uns certs errors de programaci\u00f3, o que esdevinguin causes de for\u00e7a major, cat\u00e0strofes naturals, vagues, o circumst\u00e0ncies semblants que facin impossible l'acc\u00e9s a la p\u00e0gina web.<\/span><\/p>\n<p class=\"p1\"><span class=\"s1\">Els serveis d'Internet necessaris per a l'acc\u00e9s a la present web, aix\u00ed com l'equipament necessari, s\u00f3n responsabilitat exclusiva de l'Usuari respecte als costos, disponibilitat i seguretat de la connexi\u00f3.<\/span><\/p>\n<p class=\"p9\"><span class=\"s1\"><b><br>C) Propietat Intel\u00b7lectual i industrial<\/b><\/span><\/p>\n<p class=\"p9\"><span class=\"s1\">INGOGROUP IMPRESSI\u00d3 I DISSENY, S. a. per si mateixa o com a cession\u00e0ria, \u00e9s titular de tots els drets de propietat intel\u00b7lectual i industrial dels llocs de la seva propietat, aix\u00ed com dels elements continguts en la mateixa (a t\u00edtol enunciatiu, imatges, so, \u00e0udio, v\u00eddeo, programari o textos; marques o logotips, combinacions de colors, estructura i disseny, selecci\u00f3 de materials usats, programes d'ordinador necessaris per al seu funcionament, acc\u00e9s i \u00fas, etc.). Seran, per conseg\u00fcent, obres protegides com a propietat intel\u00b7lectual per l'ordenament jur\u00eddic espanyol, sent aplicable la normativa espanyola i europea en aquest camp, aix\u00ed com els tractats internacionals subscrits per Espanya o la Uni\u00f3 Europea.<\/span><\/p>\n<p class=\"p1\"><span class=\"s1\">INGOGROUP IMPRESSI\u00d3 I DISSENY, S.A. es reserva tots els drets (\u00a9 Copyright) en virtut del que es disposa en les lleis de propietat intel\u00b7lectual, independentment de la finalitat per a la qual fossin destinats. Per aix\u00f2 la reproducci\u00f3 total o parcial, \u00fas, explotaci\u00f3, distribuci\u00f3 i comercialitzaci\u00f3 dels continguts, requereix en tot cas de l'autoritzaci\u00f3 escrita pr\u00e8via per part d'aquesta entitat. Qualsevol \u00fas no autoritzat ser\u00e0 considerat un incompliment greu dels drets de propietat intel\u00b7lectual o industrial de l'autor.<\/span><\/p>\n<p class=\"p1\"><span class=\"s1\">En el cas que l'Usuari, de manera volunt\u00e0ria i lliure, aporti o integri continguts a la plataforma, aquests continguts aportats han de ser de la seva propietat, sigui per creaci\u00f3 pr\u00f2pia o com a cessionari, d'\u00fas lliure (domini p\u00fablic) o que l'autor permeti d'alguna forma la seva compartici\u00f3. Tots els continguts que integri l'Usuari, passaran a ser en exclusiva propietat de INGOGROUP IMPRESSI\u00d3 I DISSENY, S.A.. A aquest efecte, l'Usuari cedeix a INGOGROUP IMPRESSI\u00d3 I DISSENY, S. a. en exclusiva, amb facultat de cessi\u00f3 a tercers, tots els drets d'explotaci\u00f3 sobre els continguts aportats necessaris perqu\u00e8 INGOGROUP IMPRESSI\u00d3 I DISSENY, S. a. pugui procedir a l'explotaci\u00f3 m\u00e9s \u00e0mplia d'aquests, a tot el m\u00f3n, per qualsevol modalitat d'explotaci\u00f3 existent en l'actualitat i pel m\u00e0xim termini de temps perm\u00e8s en les normes nacionals i internacionals sobre Propietat Intel\u00b7lectual.<\/span><\/p>\n<p class=\"p1\"><span class=\"s1\">Per a realitzar qualsevol mena d'observaci\u00f3 respecte a possibles incompliments dels drets de propietat intel\u00b7lectual o industrial, aix\u00ed com sobre qualsevol dels continguts del lloc web, pot fer-ho a trav\u00e9s del correu electr\u00f2nic lopd@ingogroup.es<\/span><\/p>\n<p class=\"p9\"><span class=\"s1\"><b><br>D) Veracitat de la informaci\u00f3<\/b><\/span><\/p>\n<p class=\"p1\"><span class=\"s1\">Tota la informaci\u00f3 que facilita l'Usuari ha de ser vera\u00e7. A aquest efecte, l'Usuari garanteix l'autenticitat de les dades comunicades a trav\u00e9s dels formularis per a la subscripci\u00f3 dels Serveis. Ser\u00e0 responsabilitat de l'Usuari mantenir tota la informaci\u00f3 facilitada a INGOGROUP IMPRESSI\u00d3 I DISSENY, S.A. permanentment actualitzada de manera que respongui, a cada moment, a la seva situaci\u00f3 real. En tot cas, l'Usuari ser\u00e0 l'\u00fanic responsable de les manifestacions falses o inexactes que realitzi i dels perjudicis que causi al prestador o a tercers.<\/span><\/p>\n<p class=\"p1\"><span class=\"s1\"><b><br>E) Menors d'edat.<\/b><\/span><\/p>\n<p class=\"p1\"><span class=\"s1\">En quan a l'\u00fas dels serveis d'aquest lloc web, els menors d'edat han d'obtenir sempre pr\u00e8viament el consentiment dels pares, tutors o representants legals, responsables \u00faltims de tots els actes realitzats pels menors al seu c\u00e0rrec. La responsabilitat en la determinaci\u00f3 de continguts concrets als quals accedeixen els menors, correspon als pares, tutors o representants legals. Aquests hauran d'establir en els seus ordenadors mecanismes, en particular programes inform\u00e0tics, filtres i bloquejos, que permetin limitar els continguts disponibles.<\/span><\/p>\n<p class=\"p9\"><span class=\"s1\"><b><br>F) Obligaci\u00f3 de fer un \u00fas correcte de la Web.<\/b><\/span><\/p>\n<p class=\"p1\"><span class=\"s1\">L'Usuari es compromet a utilitzar la Web de conformitat a la Llei i al present Av\u00eds Legal, aix\u00ed com a la moral i a les bones costums. A aquest efecte, l'Usuari s'abstindr\u00e0 d'utilitzar la p\u00e0gina amb finalitats il\u00b7l\u00edcites o prohibides, lesives de drets i interessos de tercers, o que de qualsevol forma puguin danyar, inutilitzar, sobrecarregar, deteriorar o impedir la normal utilitzaci\u00f3 d'equips inform\u00e0tics o documents, arxius i tota classe de continguts emmagatzemats en qualsevol equip inform\u00e0tic del prestador.<\/span><\/p>\n<p class=\"p1\"><span class=\"s1\">En particular, i a t\u00edtol enunciatiu, per\u00f2 no exhaustiu, l'Usuari es compromet a no transmetre, difondre o posar a la disposici\u00f3 de tercers informacions, dades, continguts, missatges, gr\u00e0fics, dibuixos, arxius de so o imatge, fotografies, enregistraments, programari i, en general, qualsevol classe de material que:<\/span><\/p>\n<p class=\"p1\"><span class=\"s1\">(a) sigui contr\u00e0ria, menyspre\u00ef o atempti contra els drets fonamentals i les llibertats p\u00fabliques reconegudes constitucionalment, en tractats internacionals i altres normes vigents;<\/span><\/p>\n<p class=\"p1\"><span class=\"s1\">(b) indueixi, inciti o promogui actuacions delictives, denigrants, difamat\u00f2ries, violentes o, en general, contr\u00e0ries a la llei, a la moral i a l'ordre p\u00fablic;<\/span><\/p>\n<p class=\"p1\"><span class=\"s1\">(c) indueixi, inciti o promogui actuacions, actituds o pensaments discriminatoris per ra\u00f3 de sexe, ra\u00e7a, religi\u00f3, creences, edat o condici\u00f3;<\/span><\/p>\n<p class=\"p1\"><span class=\"s1\">(d) sigui contrari al dret a l'honor, a la intimitat personal o familiar o a la pr\u00f2pia imatge de les persones;<\/span><\/p>\n<p class=\"p1\"><span class=\"s1\">(e) de qualsevol manera perjudiqui la credibilitat del prestador o de tercers;<\/span><\/p>\n<p class=\"p1\"><span class=\"s1\">(f) contingui algun virus (troians, worm, backdoors, zombi, hijackers\u2026) que perjudiqui el funcionament dels sistemes; i<\/span><\/p>\n<p class=\"p1\"><span class=\"s1\">(g) constitueixi publicitat il\u00b7l\u00edcita, enganyosa o deslleial. <\/span><\/p>\n<p class=\"p1\"><span class=\"s1\">En cas d'incomplint de la Llei o alguna de les condicions recollides en aquest Av\u00eds Legal i\/o Pol\u00edtica de privacitat, l'Usuari respondr\u00e0 per danys i perjudicis que es causin a INGOGROUP IMPRESSI\u00d3 I DISSENY, S.A. o a tercers prove\u00efdors.<\/span><\/p>\n<p class=\"p9\"><span class=\"s1\"><b><br>G) Llei Aplicable i Jurisdicci\u00f3.<\/b><\/span><\/p>\n<p class=\"p9\"><span class=\"s1\">Per a la resoluci\u00f3 de totes les controv\u00e8rsies o q\u00fcestions relacionades amb el present lloc web o de les activitats en ell desenvolupades, ser\u00e0 aplicable la legislaci\u00f3 espanyola, a la qual se sotmeten expressament les parts, sent competents per a la resoluci\u00f3 de tots els conflictes derivats o relacionats amb el seu \u00fas els Jutjats i Tribunals de GIRONA.<\/span><\/p>\n<\/div>\n<\/div>\t\t\t\t\t\t\t\t<\/div>\n\t\t\t\t<\/div>\n\t\t\t\t\t<\/div>\n\t\t<\/div>\n\t\t\t\t\t<\/div>\n\t\t<\/section>\n\t\t\t\t<\/div>","protected":false},"excerpt":{"rendered":"<p>AVISO LEGAL El prestador, responsable del sitio web, pone a disposici\u00f3n de los usuarios el presente documento con el que pretende dar cumplimiento a las obligaciones dispuestas en la Ley 34\/2002, de Servicios de la Sociedad de la Informaci\u00f3n y del Comercio Electr\u00f3nico (LSSI-CE), as\u00ed como informar a todos los usuarios del sitio web respecto [&hellip;]<\/p>\n","protected":false},"author":1,"featured_media":0,"parent":0,"menu_order":0,"comment_status":"closed","ping_status":"closed","template":"","meta":{"_acf_changed":false,"footnotes":""},"class_list":["post-2461","page","type-page","status-publish","hentry"],"acf":[],"_links":{"self":[{"href":"https:\/\/www.ingogroup.es\/ca\/wp-json\/wp\/v2\/pages\/2461","targetHints":{"allow":["GET"]}}],"collection":[{"href":"https:\/\/www.ingogroup.es\/ca\/wp-json\/wp\/v2\/pages"}],"about":[{"href":"https:\/\/www.ingogroup.es\/ca\/wp-json\/wp\/v2\/types\/page"}],"author":[{"embeddable":true,"href":"https:\/\/www.ingogroup.es\/ca\/wp-json\/wp\/v2\/users\/1"}],"replies":[{"embeddable":true,"href":"https:\/\/www.ingogroup.es\/ca\/wp-json\/wp\/v2\/comments?post=2461"}],"version-history":[{"count":23,"href":"https:\/\/www.ingogroup.es\/ca\/wp-json\/wp\/v2\/pages\/2461\/revisions"}],"predecessor-version":[{"id":2848,"href":"https:\/\/www.ingogroup.es\/ca\/wp-json\/wp\/v2\/pages\/2461\/revisions\/2848"}],"wp:attachment":[{"href":"https:\/\/www.ingogroup.es\/ca\/wp-json\/wp\/v2\/media?parent=2461"}],"curies":[{"name":"wp","href":"https:\/\/api.w.org\/{rel}","templated":true}]}}