{"id":2539,"date":"2023-03-01T11:07:31","date_gmt":"2023-03-01T10:07:31","guid":{"rendered":"https:\/\/www.ingogroup.es\/?page_id=2539"},"modified":"2025-09-04T13:19:20","modified_gmt":"2025-09-04T11:19:20","slug":"politica-de-privacidad","status":"publish","type":"page","link":"https:\/\/www.ingogroup.es\/ca\/politica-de-privacidad\/","title":{"rendered":"Pol\u00edtica de privacidad"},"content":{"rendered":"<div data-elementor-type=\"wp-page\" data-elementor-id=\"2539\" class=\"elementor elementor-2539\" data-elementor-post-type=\"page\">\n\t\t\t\t\t\t<section class=\"elementor-section elementor-top-section elementor-element elementor-element-b47c0da elementor-section-boxed elementor-section-height-default elementor-section-height-default\" data-id=\"b47c0da\" data-element_type=\"section\" data-e-type=\"section\">\n\t\t\t\t\t\t<div class=\"elementor-container elementor-column-gap-default\">\n\t\t\t\t\t<div class=\"elementor-column elementor-col-100 elementor-top-column elementor-element elementor-element-9948749\" data-id=\"9948749\" data-element_type=\"column\" data-e-type=\"column\">\n\t\t\t<div class=\"elementor-widget-wrap elementor-element-populated\">\n\t\t\t\t\t\t<div class=\"elementor-element elementor-element-25f6d81 elementor-widget elementor-widget-heading\" data-id=\"25f6d81\" data-element_type=\"widget\" data-e-type=\"widget\" data-widget_type=\"heading.default\">\n\t\t\t\t<div class=\"elementor-widget-container\">\n\t\t\t\t\t<h2 class=\"elementor-heading-title elementor-size-default\">POL\u00cdTICA DE PRIVACITAT<\/h2>\t\t\t\t<\/div>\n\t\t\t\t<\/div>\n\t\t\t\t<div class=\"elementor-element elementor-element-832a6a7 animated-slow elementor-invisible elementor-widget elementor-widget-text-editor\" data-id=\"832a6a7\" data-element_type=\"widget\" data-e-type=\"widget\" data-settings=\"{&quot;_animation&quot;:&quot;fadeIn&quot;,&quot;_animation_delay&quot;:600}\" data-widget_type=\"text-editor.default\">\n\t\t\t\t<div class=\"elementor-widget-container\">\n\t\t\t\t\t\t\t\t\t<p class=\"p3\"><span class=\"s1\">En compliment del que s'estableix en el Reglament (UE) 2016\/679 del Parlament Europeu i del Consell, de 27 d'abril de 2016, relatiu a la protecci\u00f3 de les persones f\u00edsiques pel que fa al tractament de dades personals i a la lliure circulaci\u00f3 d'aquestes dades (d'ara endavant RGPD), INGOGROUP IMPRESSI\u00d3 I DISSENY, S.A. (d'ara endavant \"l'EMPRESA) informa els interessats la forma en qu\u00e8 es tractaran les seves dades de car\u00e0cter personal quan s'accedeixi, navegui i s'usin els productes i serveis de l'EMPRESA. La present pol\u00edtica de privacitat s'aplicar\u00e0 en els seg\u00fcents llocs propietat de l'EMPRESA, utilitzats per a comercialitzar els nostres productes i serveis:<\/span><\/p><ul class=\"ul1\"><li class=\"li3\"><span class=\"s1\"><b>P\u00e0gina web:<\/b> disposem d'una p\u00e0gina web sota el domini principal <a href=\"http:\/\/www.ingogroup.es\/ca\/\" target=\"_blank\" rel=\"noopener\"><span class=\"s3\">www.ingogroup.es<\/span><\/a> <\/span><\/li><li class=\"li3\"><span class=\"s1\"><b>Xarxes socials:<\/b> tenim un perfil en les xarxa social LinkedIn. En aquest cas nom\u00e9s s'aplicar\u00e0 la present pol\u00edtica de privacitat en la mesura que L'EMPRESA obtingui dades dels USUARIS per mitj\u00e0 d'aquestes. <\/span><\/li><\/ul><p class=\"p3\"><span class=\"s1\"><br \/>En facilitar-nos les seves dades, Vost\u00e8 declara haver llegit i con\u00e8ixer la present Pol\u00edtica de Privacitat, prestant el seu consentiment<\/span> <span class=\"s1\">lliure, espec\u00edfic, informat i inequ\u00edvoc al tractament de les seves dades personals d'acord amb les finalitats i termes aqu\u00ed expressats.<\/span><\/p><p class=\"p3\"><span class=\"s1\">L'EMPRESA podr\u00e0 modificar la present Pol\u00edtica de Privacitat per a adaptar-la a les novetats legislatives, jurisprudencials o d'interpretaci\u00f3 de l'Ag\u00e8ncia Espanyola de Protecci\u00f3 de Dades. Aquestes condicions de privacitat podran ser complementades per l'Av\u00eds Legal, Pol\u00edtica de Cookies i les Condicions Generals que, si escau, es recullin per a determinats productes o serveis, si aquest acc\u00e9s suposa alguna especialitat en mat\u00e8ria de protecci\u00f3 de dades de car\u00e0cter personal.<\/span><\/p><p class=\"p6\"><span class=\"s1\"><b><br \/>A) Responsable del tractament<\/b><\/span><\/p><p class=\"p3\"><span class=\"s1\"><b>Nom de l'empresa:<\/b> INGOGROUP IMPRESI\u00d3N Y DISE\u00d1O, S.A.<\/span><\/p><p class=\"p3\"><span class=\"s1\"><b>NIF: <\/b>A17923418<\/span><\/p><p class=\"p3\"><span class=\"s1\"><b>Adre\u00e7a:<\/b> C\/Onyar 1-3 &#8211; 17457 &#8211; Riudellots de la Selva &#8211; GIRONA<\/span><\/p><p class=\"p3\"><span class=\"s1\"><b>Tel\u00e8fon:<\/b> 972 478 789<\/span><\/p><p class=\"p3\"><span class=\"s1\"><b>Correu electr\u00f2nic<\/b>: lopd@ingogroup.es<\/span><\/p><p class=\"p3\"><span class=\"s1\"><b>Delegat de protecci\u00f3 de dades<\/b>: LA BUROCRACIA, S.L., amb CIF<span class=\"Apple-converted-space\">\u00a0 <\/span>B01690940 i domicili en AVD. MES PINS N\u00ba150, 2-1, de 17457 \u2013 RIUDELLOTS DE LA SELVA, de GIRONA (ESPANYA). Correu electr\u00f2nic: <a href=\"mailto:DPO.CLIENTES@DATAPREVEN.COM\" target=\"_blank\" rel=\"noopener\"><span class=\"s3\">dpo.clientes@datapreven.com<\/span><\/a> <\/span><\/p><p class=\"p6\"><span class=\"s1\"><b><br \/>B) Finalitat i legitimaci\u00f3 del tractament<\/b><\/span><\/p><p class=\"p3\"><span class=\"s1\">L'EMPRESA utilitzar\u00e0 les dades que proporcioni per a les seg\u00fcents finalitats:<\/span><\/p><ol class=\"ol1\"><li class=\"li3\"><span class=\"s1\">La sol\u00b7licitud d'informaci\u00f3 i\/o la contractaci\u00f3 de qualsevol producte o servei ofert per l'EMPRESA.<\/span><\/li><li class=\"li3\"><span class=\"s1\">Realitzar la contractaci\u00f3 dels nostres productes o serveis mitjan\u00e7ant l'acceptaci\u00f3 del corresponent pressupost \/ demanat i\/o la signatura d'un contracte mercantil.<\/span><\/li><li class=\"li3\"><span class=\"s1\">Accions comercials, utilitzant la informaci\u00f3 proporcionada per l'interessat per a oferir-li productes i serveis d'una manera personalitzada o de car\u00e0cter general.<\/span><\/li><\/ol><p class=\"p3\"><span class=\"s1\">La legitimaci\u00f3 per al tractament de les seves dades \u00e9s el consentiment expr\u00e9s atorgat mitjan\u00e7ant un acte positiu i afirmatiu. En emplenar els formularis, marcar la casella \u201cAccepto la Pol\u00edtica de Privacitat\u201d i fer clic per a enviar les dades, o en remetre correus electr\u00f2nics a l'EMPRESA a trav\u00e9s dels comptes habilitats a aquest efecte, vost\u00e8 manifesta haver llegit i acceptat expressament la present pol\u00edtica de privacitat. Aix\u00ed mateix atorga el seu consentiment inequ\u00edvoc i expr\u00e9s al tractament de les seves dades personals conforme a les finalitats indicades. En cas que les dades que ens faciliti siguin erronis o incomplets, no ser\u00e0 possible l'\u00fas dels productes i serveis.<\/span><\/p><p class=\"p11\"><span class=\"s1\">Els menors de 18 anys, per\u00f2 majors de 14 anys, podran donar el consentiment per al tractament de les seves dades. En el cas que la persona sigui menor de 14 anys, no podr\u00e0 prestar el consentiment per al tractament de les seves dades, quedant sota la responsabilitat dels pares, mares, tutors, curadors o representants legals.<\/span><\/p><p class=\"p3\"><span class=\"s1\">L'EMPRESA tracta les seg\u00fcents categories de dades:<\/span><\/p><ol class=\"ol1\"><li class=\"li3\"><span class=\"s1\"><b>Dades identificatives:<\/b> Nom, cognom\/s, adre\u00e7a, correu electr\u00f2nic i tel\u00e8fon.<\/span><\/li><li class=\"li3\"><span class=\"s1\"><b>Adre\u00e7a IP<\/b>. <\/span><\/li><\/ol><p class=\"p6\"><span class=\"s1\"><b><br \/>C) Destinatari de les dades<\/b><\/span><\/p><p class=\"p3\"><span class=\"s1\">No es preveuen cessions de dades, a excepci\u00f3 de les autoritzades per la legislaci\u00f3 fiscal, mercantil i de telecomunicacions, aix\u00ed com en aquells casos en els quals una autoritat judicial ens ho requereixi.<\/span><\/p><p class=\"p6\"><span class=\"s1\"><b><br \/>D) Transfer\u00e8ncies internacionals de dades<\/b><\/span><\/p><p class=\"p14\"><span class=\"s1\">No es realitzen transfer\u00e8ncies internacionals de dades.<\/span><\/p><p class=\"p6\"><span class=\"s1\"><b><br \/>E) Termini de conservaci\u00f3<\/b><\/span><\/p><p class=\"p3\"><span class=\"s1\">Conservarem les seves dades personals des que ens doni el seu consentiment fins que el revoqui o b\u00e9 sol\u00b7liciti la limitaci\u00f3 del tractament. En tals casos, mantindrem les seves dades de manera bloquejada durant els terminis legalment exigits.<\/span><\/p><p class=\"p6\"><span class=\"s1\"><b><br \/>F) Drets de l'interessat<\/b><\/span><\/p><p class=\"p3\"><span class=\"s1\">L'Usuari podr\u00e0 exercir els seg\u00fcents drets quant a les seves dades:<\/span><\/p><ol class=\"ol1\"><li class=\"li3\"><span class=\"s1\"><b>Acc\u00e9s:<\/b> t\u00e9 dret a obtenir la confirmaci\u00f3 per part nostra de si estem tractant o no les seves dades personals, aix\u00ed com l'acc\u00e9s a aquests.<\/span><\/li><li class=\"li3\"><span class=\"s1\"><b>Rectificaci\u00f3:<\/b> t\u00e9 dret a obtenir la rectificaci\u00f3 de les dades personals inexactes que el concerneixen. Tamb\u00e9 tindr\u00e0 dret al fet que es completin les seves dades personals, en cas que aquestes siguin incompletes.<\/span><\/li><li class=\"li3\"><span class=\"s1\"><b>Supressi\u00f3:<\/b> t\u00e9 dret a obtenir la supressi\u00f3 de les dades personals, sempre que aquestes ja no siguin necess\u00e0ries per als fins pels quals es van obtenir i no siguin necessaris per al compliment d'una obligaci\u00f3 legal. <\/span><\/li><li class=\"li3\"><span class=\"s1\"><b>Oposici\u00f3:<\/b> t\u00e9 dret a oposar-se al tractament de dades, sempre que es doni algun dels motius del Art.21 del RGDP.<\/span><\/li><li class=\"li3\"><span class=\"s1\"><b>Limitaci\u00f3<\/b>: t\u00e9 dret a obtenir per part nostra la limitaci\u00f3 del tractament de dades quan es compleixin les condicions establertes en el Art.18 RGPD.<\/span><\/li><li class=\"li3\"><span class=\"s1\"><b>Portabilitat:<\/b> t\u00e9 dret a rebre les dades personals que ens hagi facilitat, en un format estructurat, d'\u00fas com\u00fa i lectura mec\u00e0nica, i a transmetre-les a un altre responsable del tractament quan es compleixin els requisits del Art.20 RGPD.<\/span><\/li><\/ol><p class=\"p3\"><span class=\"s1\"><br \/>En l'\u00e0mbit de les xarxes socials, nom\u00e9s podran satisfer-se els drets exposats en relaci\u00f3 a aquella informaci\u00f3 que es trobi sota el control de l'EMPRESA. <\/span><\/p><p class=\"p3\"><span class=\"s1\">L'EMPRESA l'informa que aquests drets tenen les seg\u00fcents caracter\u00edstiques: <\/span><\/p><ol class=\"ol1\"><li class=\"li3\"><span class=\"s1\">L'exercici d'aquests drets \u00e9s gratu\u00eft, tret que es tracti de sol\u00b7licituds manifestament infundades o excessives (p. ex., car\u00e0cter repetitiu), i en aquest cas l'EMPRESA podr\u00e0 cobrar un c\u00e0non proporcional als costos administratius suportats o negar-se a actuar.<\/span><\/li><li class=\"li3\"><span class=\"s1\">Pot exercir els drets directament o per mitj\u00e0 del seu representant legal o voluntari.<\/span><\/li><li class=\"li3\"><span class=\"s1\">La sol\u00b7licitud ha de ser resposta per l'EMPRESA en el termini d'un mes, excepte que aquesta sigui complexa o es produeixi un gran nombre de sol\u00b7licituds. En aquest cas es prorroga el termini per dos mesos m\u00e9s.<\/span><\/li><li class=\"li3\"><span class=\"s1\">Si l'EMPRESA no dona curs a la sol\u00b7licitud, l'informarem, com a m\u00e0xim en un mes, de les raons de nostra no actuaci\u00f3 i la possibilitat de reclamar davant una Autoritat de Control.<\/span><\/li><\/ol><p class=\"p3\"><span class=\"s1\"><br \/>Per a exercir els seus drets, aix\u00ed com a no ser objecte de decisions basades \u00fanicament en el tractament automatitzat de les seves dades en el seu cas, sol\u00b7licitant el corresponent formulari mitjan\u00e7ant correu postal dirigit a INGOGROUP IMPRESSI\u00d3 I DISSENY, S.A. a l'adre\u00e7a indicada en l'apartat A), o enviant un correu electr\u00f2nic a lopd@ingogroup.es indicant en l'assumpte \u201cExercici de Drets LOPD\u201d. En tots dos casos recordi acompanyar una c\u00f2pia d'un document que ens permeti identificar-li.<\/span><\/p><p class=\"p3\"><span class=\"s1\">Aix\u00ed mateix, i especialment si considera que no ha obtingut satisfacci\u00f3 plena en l'exercici dels seus drets, l'informem que podr\u00e0 escriure al delegat de protecci\u00f3 de dades en la seg\u00fcent adre\u00e7a: LA BUROCR\u00c0CIA, S.L., amb CIF B01690940 i domicili en AVD. MES PINS N\u00ba150, 2-1, de 17457 \u2013 RIUDELLOTS DE LA SELVA, de GIRONA (ESPANYA). Correu electr\u00f2nic: <a href=\"mailto:DPO.CLIENTES@DATAPREVEN.COM\" target=\"_blank\" rel=\"noopener\"><span class=\"s3\">dpo.clientes@datapreven.com<\/span><\/a> <\/span><\/p><p class=\"p3\"><span class=\"s1\">Finalment, t\u00e9 dret a presentar una reclamaci\u00f3 davant l'autoritat nacional de control dirigint-se a aquest efecte a l'Ag\u00e8ncia Espanyola de Protecci\u00f3 de Dades, C\/ Jorge Juan, 6 \u2013 28001 Madrid.<\/span><\/p><p class=\"p6\"><span class=\"s1\"><b><br \/>G) Decisions automatitzades<\/b><\/span><\/p><p class=\"p17\"><span class=\"s1\">No es realitzen decisions automatitzades.<\/span><\/p><p class=\"p6\"><span class=\"s1\"><b><br \/>H) Mesures de seguretat<\/b><\/span><\/p><p class=\"p3\"><span class=\"s1\">Dins del nostre comprom\u00eds per garantir la seguretat i confidencialitat de les seves dades de car\u00e0cter personal, l'informem que s'han adoptat les mesures d'\u00edndole t\u00e8cnica i organitzatives necess\u00e0ries per a garantir la seguretat de les dades de car\u00e0cter personal i evitar la seva alteraci\u00f3, p\u00e8rdua, tractament o acc\u00e9s no autoritzat, tenint en compte de l'estat de la tecnologia, la naturalesa de les dades emmagatzemades i els riscos al fet que estiguin exposats, segons l'Art. 32 del RGPD EU 679\/2016. Totes aquestes mesures de seguretat s\u00f3n revisades de manera peri\u00f2dica per a garantir la seva adequaci\u00f3 i efectivitat.<\/span><\/p><p class=\"p3\"><span class=\"s1\">No obstant aix\u00f2, la seguretat absoluta no es pot garantir i no existeix cap sistema de seguretat que sigui impenetrable pel que, en el cas de qualsevol informaci\u00f3 objecte de tractament i sota el nostre control es vei\u00e9s compromesa a conseq\u00fc\u00e8ncia d'una bretxa de seguretat, prendrem les mesures adequades per a investigar l'incident, notificar-lo a l'Autoritat de Control i, en el seu cas, a aquells usuaris que s'haguessin pogut veure afectats perqu\u00e8 prenguin les mesures adequades.<\/span><\/p><p class=\"p6\"><span class=\"s1\"><b><br \/>I) Xarxes socials<\/b><\/span><\/p><p class=\"p17\"><span class=\"s1\">En compliment dels principis de transpar\u00e8ncia detallem l'enlla\u00e7 de la pol\u00edtica de privacitat de les diferents Xarxes Socials on disposem d'algun perfil:<\/span><\/p><ul class=\"ul1\"><li class=\"li21\"><span class=\"s6\">LinkedIn: <a href=\"https:\/\/es.linkedin.com\/legal\/privacy-policy\" target=\"_blank\" rel=\"noopener\"><span class=\"s7\">https:\/\/es.linkedin.com\/legal\/privacy-policy<\/span><\/a> <\/span><\/li><\/ul><p><span class=\"s1\"><b><br \/>J) Enviament de curr\u00edculums (apartat Treballa amb Nosaltres)<\/b><\/span><\/p><p>En haver rebut el seu curr\u00edculum i en compliment del Reglament Europeu UE 679\/2016 i de la Llei Org\u00e0nica 3\/2018 de protecci\u00f3 de dades de car\u00e0cter personal i garantia dels drets digitals, se l\u2019informa que:<\/p><ul><li>Totes les dades contingudes en el mateix i que vost\u00e8 ens ha facilitat volunt\u00e0riament han passat a formar part d\u2019un tractament de dades personals del qual \u00e9s titular l\u2019EMPRESA.<\/li><li>La finalitat d\u2019aquest tractament \u00e9s disposar de dades de possibles sol\u00b7licitants de feina, les quals seran tractades respectant al m\u00e0xim la seva intimitat.<\/li><li>Les seves dades no seran cedides a tercers sense el seu consentiment expr\u00e9s, excepte en els sup\u00f2sits establerts en la legislaci\u00f3 esmentada o per aplicaci\u00f3 d\u2019altres lleis que aix\u00ed ho regulin.<\/li><li>En haver-nos enviat vost\u00e8 mateix el curr\u00edculum, entenem que autoritza la inclusi\u00f3 de les seves dades en aquest tractament i que siguin tractades per a la finalitat descrita.<\/li><li>El termini de conservaci\u00f3 de les seves dades ser\u00e0 d\u20191 any, o fins a la retirada del seu consentiment.<\/li><\/ul><p><br \/>Aix\u00ed mateix, l\u2019informem que pot exercir els drets explicats a l\u2019apartat <strong>F) Drets de l'interessat<\/strong><\/p><p><span class=\"s1\"><b>Idioma de redacci\u00f3:<\/b> Espanyol, catal\u00e0<\/span><\/p><p class=\"p17\"><span class=\"s1\"><b>Idiomes disponibles:<\/b> Espanyol, catal\u00e0<\/span><\/p><p class=\"p17\"><span class=\"s1\"><b>\u00daltima actualizaci\u00f3:<\/b> 01\/09\/2025<\/span><\/p>\t\t\t\t\t\t\t\t<\/div>\n\t\t\t\t<\/div>\n\t\t\t\t\t<\/div>\n\t\t<\/div>\n\t\t\t\t\t<\/div>\n\t\t<\/section>\n\t\t\t\t<\/div>","protected":false},"excerpt":{"rendered":"<p>POL\u00cdTICA DE PRIVACIDAD En cumplimento de lo establecido en el Reglamento (UE) 2016\/679 del Parlamento Europeo y del Consejo, de 27 de abril de 2016, relativo a la protecci\u00f3n de las personas f\u00edsicas en lo que respecta al tratamiento de datos personales y a la libre circulaci\u00f3n de estos datos (en adelante RGPD), INGOGROUP IMPRESI\u00d3N [&hellip;]<\/p>\n","protected":false},"author":1,"featured_media":0,"parent":0,"menu_order":0,"comment_status":"closed","ping_status":"closed","template":"","meta":{"_acf_changed":false,"footnotes":""},"class_list":["post-2539","page","type-page","status-publish","hentry"],"acf":[],"_links":{"self":[{"href":"https:\/\/www.ingogroup.es\/ca\/wp-json\/wp\/v2\/pages\/2539","targetHints":{"allow":["GET"]}}],"collection":[{"href":"https:\/\/www.ingogroup.es\/ca\/wp-json\/wp\/v2\/pages"}],"about":[{"href":"https:\/\/www.ingogroup.es\/ca\/wp-json\/wp\/v2\/types\/page"}],"author":[{"embeddable":true,"href":"https:\/\/www.ingogroup.es\/ca\/wp-json\/wp\/v2\/users\/1"}],"replies":[{"embeddable":true,"href":"https:\/\/www.ingogroup.es\/ca\/wp-json\/wp\/v2\/comments?post=2539"}],"version-history":[{"count":23,"href":"https:\/\/www.ingogroup.es\/ca\/wp-json\/wp\/v2\/pages\/2539\/revisions"}],"predecessor-version":[{"id":3245,"href":"https:\/\/www.ingogroup.es\/ca\/wp-json\/wp\/v2\/pages\/2539\/revisions\/3245"}],"wp:attachment":[{"href":"https:\/\/www.ingogroup.es\/ca\/wp-json\/wp\/v2\/media?parent=2539"}],"curies":[{"name":"wp","href":"https:\/\/api.w.org\/{rel}","templated":true}]}}