{"id":2461,"date":"2023-02-22T11:27:19","date_gmt":"2023-02-22T10:27:19","guid":{"rendered":"https:\/\/www.ingogroup.es\/?page_id=2461"},"modified":"2023-10-16T12:02:09","modified_gmt":"2023-10-16T10:02:09","slug":"aviso-legal","status":"publish","type":"page","link":"https:\/\/www.ingogroup.es\/fr\/aviso-legal\/","title":{"rendered":"Aviso Legal"},"content":{"rendered":"<div data-elementor-type=\"wp-page\" data-elementor-id=\"2461\" class=\"elementor elementor-2461\" data-elementor-post-type=\"page\">\n\t\t\t\t\t\t<section class=\"elementor-section elementor-top-section elementor-element elementor-element-9e6fd18 elementor-section-boxed elementor-section-height-default elementor-section-height-default\" data-id=\"9e6fd18\" data-element_type=\"section\" data-e-type=\"section\">\n\t\t\t\t\t\t<div class=\"elementor-container elementor-column-gap-default\">\n\t\t\t\t\t<div class=\"elementor-column elementor-col-100 elementor-top-column elementor-element elementor-element-1d19221\" data-id=\"1d19221\" data-element_type=\"column\" data-e-type=\"column\">\n\t\t\t<div class=\"elementor-widget-wrap elementor-element-populated\">\n\t\t\t\t\t\t<div class=\"elementor-element elementor-element-ef9365d elementor-widget elementor-widget-heading\" data-id=\"ef9365d\" data-element_type=\"widget\" data-e-type=\"widget\" data-widget_type=\"heading.default\">\n\t\t\t\t<div class=\"elementor-widget-container\">\n\t\t\t\t\t<h2 class=\"elementor-heading-title elementor-size-default\">AVIS JURIDIQUE<\/h2>\t\t\t\t<\/div>\n\t\t\t\t<\/div>\n\t\t\t\t<div class=\"elementor-element elementor-element-e05b93c animated-slow elementor-invisible elementor-widget elementor-widget-text-editor\" data-id=\"e05b93c\" data-element_type=\"widget\" data-e-type=\"widget\" data-settings=\"{&quot;_animation&quot;:&quot;fadeIn&quot;,&quot;_animation_delay&quot;:600}\" data-widget_type=\"text-editor.default\">\n\t\t\t\t<div class=\"elementor-widget-container\">\n\t\t\t\t\t\t\t\t\t<div class=\"wpb_text_column wpb_content_element\">\n<div class=\"wpb_wrapper\">\n<p class=\"p1\"><span class=\"s1\">El prestador, responsable del sitio web, pone a disposici\u00f3n de los usuarios el presente documento con el que pretende dar cumplimiento a las obligaciones dispuestas en la Ley 34\/2002, de Servicios de la Sociedad de la Informaci\u00f3n y del Comercio Electr\u00f3nico (LSSI-CE), as\u00ed como informar a todos los usuarios del sitio web respecto a cu\u00e1les son las condiciones de uso del sitio web.<\/span><\/p>\n<p class=\"p1\"><span class=\"s1\">Toda persona que acceda a este sitio web asume el papel de usuario, comprometi\u00e9ndose a la observancia y cumplimiento riguroso de las disposiciones aqu\u00ed dispuestas, as\u00ed como a cualquier otra disposici\u00f3n legal que fuera de aplicaci\u00f3n.<\/span><\/p>\n<p class=\"p1\"><span class=\"s1\">El prestador se reserva el derecho a modificar cualquier tipo de informaci\u00f3n que pudiera aparecer en el sitio web, sin que exista obligaci\u00f3n de preavisar o poner en conocimiento de los usuarios dichas obligaciones, entendi\u00e9ndose como suficiente con la publicaci\u00f3n en el sitio web del prestador.<\/span><\/p>\n<p><\/p>\n<p class=\"p1\"><span class=\"s1\"><b>A) Datos identificativos:<\/b><\/span><\/p>\n<p class=\"p4\"><span class=\"s1\"><b>Denominaci\u00f3n Social: <\/b>INGOGROUP IMPRESI\u00d3N Y DISE\u00d1O, S.A.<\/span><\/p>\n<p class=\"p4\"><span class=\"s1\"><b>Nombre Comercial: <\/b>INGOGROUP<\/span><\/p>\n<p class=\"p5\"><span class=\"s1\"><b>Domicilio Social: <\/b>C\/Onyar 1-3 &#8211; 17457 &#8211; Riudellots de la Selva &#8211; GIRONA<\/span><\/p>\n<p class=\"p5\"><span class=\"s1\"><b>NIF: <\/b>A17923418<\/span><\/p>\n<p class=\"p4\"><span class=\"s1\"><b>Tel\u00e9fono: <\/b>972 478 789<\/span><\/p>\n<p class=\"p6\"><span class=\"s2\"><b>E-Mail: <\/b><a href=\"mailto:lopd@ingogroup.es\" target=\"_blank\" rel=\"noopener\"><span class=\"s3\">lopd@ingogroup.es<\/span><\/a> <\/span><\/p>\n<p class=\"p4\"><span class=\"s1\"><b>Datos registrales: <\/b><\/span><\/p>\n<p class=\"p6\"><span class=\"s2\"><b>P\u00e1gina Web: <\/b><a href=\"http:\/\/www.ingogroup.es\/fr\/\" target=\"_blank\" rel=\"noopener\"><span class=\"s4\">www.ingogroup.es<\/span><\/a><\/span><\/p>\n<p class=\"p9\"><span class=\"s1\"><b>B) Exenci\u00f3n de responsabilidad<\/b><\/span><\/p>\n<p class=\"p9\"><b><\/b><span class=\"s1\">El prestador se exime de cualquier tipo de responsabilidad derivada de la informaci\u00f3n publicada en su sitio web, siempre que esta informaci\u00f3n haya sido manipulada o introducida por un tercero ajeno al mismo.<\/span><\/p>\n<p class=\"p1\"><span class=\"s1\">Desde el sitio web del cliente es posible que se redirija a contenidos de terceros sitios web. Dado que el prestador no puede controlar siempre los contenidos introducidos por los terceros en sus sitios web, \u00e9ste no asume ning\u00fan tipo de responsabilidad respecto a dichos contenidos. En todo caso, el prestador manifiesta que proceder\u00e1 a la retirada inmediata de cualquier contenido que pudiera contravenir la legislaci\u00f3n nacional o internacional, la moral o el orden p\u00fablico, procediendo a la retirada inmediata de la redirecci\u00f3n a dicho sitio web, poniendo en conocimiento de las autoridades competentes el contenido en cuesti\u00f3n.<\/span><\/p>\n<p class=\"p1\"><span class=\"s1\">El prestador no se hace responsable de la informaci\u00f3n y contenidos almacenados, a t\u00edtulo enunciativo, pero no limitativo, en foros, chats, generadores de blogs, comentarios, redes sociales o cualquier otro medio que permita a terceros publicar contenidos de forma independiente en la p\u00e1gina web del prestador. No obstante, y en cumplimiento de lo dispuesto en el art. 11 y 16 de la LSSI-CE, el prestador se pone a disposici\u00f3n de todos los usuarios, autoridades y fuerzas de seguridad, colaborando de forma activa en la retirada o en su caso bloqueo de todos aquellos contenidos que pudieran afectar o contravenir la legislaci\u00f3n nacional, o internacional, derechos de terceros o la moral y el orden p\u00fablico. En caso de que el usuario considere que existe en el sitio web alg\u00fan contenido que pudiera ser susceptible de esta clasificaci\u00f3n, se ruega que lo notifique de forma inmediata al administrador del sitio web.<\/span><\/p>\n<p class=\"p1\"><span class=\"s1\">Este sitio web ha sido revisado y probado para que funcione correctamente. En principio, puede garantizarse el correcto funcionamiento los 365 d\u00edas del a\u00f1o, 24 horas al d\u00eda. No obstante, el prestador no descarta la posibilidad de que existan ciertos errores de programaci\u00f3n, o que acontezcan causas de fuerza mayor, cat\u00e1strofes naturales, huelgas, o circunstancias semejantes que hagan imposible el acceso a la p\u00e1gina web.<\/span><\/p>\n<p class=\"p1\"><span class=\"s1\">Los servicios de Internet necesarios para el acceso a la presente web, as\u00ed como el equipamiento necesario, son responsabilidad exclusiva del Usuario en cuanto a los costes, disponibilidad y seguridad de la conexi\u00f3n.<\/span><\/p>\n<p class=\"p9\"><span class=\"s1\"><b><br>C) Propiedad Intelectual e industrial<\/b><\/span><\/p>\n<p class=\"p9\"><span class=\"s1\">INGOGROUP IMPRESI\u00d3N Y DISE\u00d1O, S.A. por s\u00ed misma o como cesionaria, es titular de todos los derechos de propiedad intelectual e industrial de los lugares de su propiedad, as\u00ed como de los elementos contenidos en la misma (a t\u00edtulo enunciativo, im\u00e1genes, sonido, audio, v\u00eddeo, software o textos; marcas o logotipos, combinaciones de colores, estructura y dise\u00f1o, selecci\u00f3n de materiales usados, programas de ordenador necesarios para su funcionamiento, acceso y uso, etc.). Ser\u00e1n, por consiguiente, obras protegidas como propiedad intelectual por el ordenamiento jur\u00eddico espa\u00f1ol, si\u00e9ndoles aplicables la normativa espa\u00f1ola y europea en este campo, as\u00ed como los tratados internacionales suscritos por Espa\u00f1a o la Uni\u00f3n Europea.<\/span><\/p>\n<p class=\"p1\"><span class=\"s1\">INGOGROUP IMPRESI\u00d3N Y DISE\u00d1O, S.A. se reserva todos los derechos (\u00a9 Copyright) en virtud de lo dispuesto en las leyes de propiedad intelectual, independientemente de la finalidad para la que fueran destinados. Por ello la reproducci\u00f3n total o parcial, uso, explotaci\u00f3n, distribuci\u00f3n y comercializaci\u00f3n de los contenidos, requiere en todo caso de la autorizaci\u00f3n escrita previa por parte de esta entidad. Cualquier uso no autorizado ser\u00e1 considerado un incumplimiento grave de los derechos de propiedad intelectual o industrial del autor.<\/span><\/p>\n<p class=\"p1\"><span class=\"s1\">En el supuesto de que el Usuario, de forma voluntaria y libre, aporte o integre contenidos en la plataforma, dichos contenidos aportados deben ser de su propiedad, ya sea por creaci\u00f3n propia o como cesionario, de uso libre (dominio p\u00fablico) o que el autor permita de alguna forma su compartici\u00f3n. Todos los contenidos que integre el Usuario, pasar\u00e1n a ser en exclusiva propiedad de INGOGROUP IMPRESI\u00d3N Y DISE\u00d1O, S.A.. A tal efecto, el Usuario cede a INGOGROUP IMPRESI\u00d3N Y DISE\u00d1O, S.A. en exclusiva, con facultad de cesi\u00f3n a terceros, todos los derechos de explotaci\u00f3n sobre los contenidos aportados necesarios para que INGOGROUP IMPRESI\u00d3N Y DISE\u00d1O, S.A. pueda proceder a la explotaci\u00f3n m\u00e1s amplia de los mismos, en todo el mundo, por cualquier modalidad de explotaci\u00f3n existente en la actualidad y por el m\u00e1ximo plazo de tiempo permitido en las normas nacionales e internacionales sobre Propiedad Intelectual.<\/span><\/p>\n<p class=\"p1\"><span class=\"s1\">Para realizar cualquier tipo de observaci\u00f3n respecto a posibles incumplimientos de los derechos de propiedad intelectual o industrial, as\u00ed como sobre cualquiera de los contenidos del sitio web, puede hacerlo a trav\u00e9s del correo electr\u00f3nico lopd@ingogroup.es<\/span><\/p>\n<p class=\"p9\"><span class=\"s1\"><b><br>D) Veracidad de la informaci\u00f3n<\/b><\/span><\/p>\n<p class=\"p1\"><span class=\"s1\">Toda la informaci\u00f3n que facilita el Usuario tiene que ser veraz. A estos efectos, el Usuario garantiza la autenticidad de los datos comunicados a trav\u00e9s de los formularios para la suscripci\u00f3n de los Servicios. Ser\u00e1 responsabilidad del Usuario mantener toda la informaci\u00f3n facilitada a INGOGROUP IMPRESI\u00d3N Y DISE\u00d1O, S.A. permanentemente actualizada de forma que responda, en cada momento, a su situaci\u00f3n real. En todo caso, el Usuario ser\u00e1 el \u00fanico responsable de las manifestaciones falsas o inexactas que realice y de los perjuicios que cause al prestador o a terceros.<\/span><\/p>\n<p class=\"p1\"><span class=\"s1\"><b><br>E) Menores de edad.<\/b><\/span><\/p>\n<p class=\"p1\"><span class=\"s1\">En cuando al uso de los servicios de este sitio web, los menores de edad tienen que obtener siempre previamente el consentimiento de los padres, tutores o representantes legales, responsables \u00faltimos de todos los actos realizados por los menores a su cargo. La responsabilidad en la determinaci\u00f3n de contenidos concretos a los cuales acceden los menores, corresponde a los padres, tutores o representantes legales. Estos deber\u00e1n establecer en sus ordenadores mecanismos, en particular programas inform\u00e1ticos, filtros y bloqueos, que permitan limitar los contenidos disponibles.<\/span><\/p>\n<p class=\"p9\"><span class=\"s1\"><b><br>F) Obligaci\u00f3n de hacer un uso correcto de la Web.<\/b><\/span><\/p>\n<p class=\"p1\"><span class=\"s1\">El Usuario se compromete a utilizar la Web de conformidad a la Ley y al presente Aviso Legal, as\u00ed como a la moral y a buenas costumbres. A tal efecto, el Usuario se abstendr\u00e1 de utilizar la p\u00e1gina con finalidades il\u00edcitas o prohibidas, lesivas de derechos e intereses de terceros, o que de cualquier forma puedan da\u00f1ar, inutilizar, sobrecargar, deteriorar o impedir la normal utilizaci\u00f3n de equipos inform\u00e1ticos o documentos, archivos y toda clase de contenidos almacenados en cualquier equipo inform\u00e1tico del prestador.<\/span><\/p>\n<p class=\"p1\"><span class=\"s1\">En particular, y a t\u00edtulo enunciativo, pero no exhaustivo, el Usuario se compromete a no transmitir, difundir o poner a disposici\u00f3n de terceros informaciones, datos, contenidos, mensajes, gr\u00e1ficos, dibujos, archivos de sonido o imagen, fotograf\u00edas, grabaciones, software y, en general, cualquier clase de material que:<\/span><\/p>\n<p class=\"p1\"><span class=\"s1\">(a) sea contraria, desprecie o atente contra los derechos fundamentales y las libertades p\u00fablicas reconocidas constitucionalmente, en tratados internacionales y otras normas vigentes;<\/span><\/p>\n<p class=\"p1\"><span class=\"s1\">(b) induzca, incite o promueva actuaciones delictivas, denigrantes, difamatorias, violentas o, en general, contrarias a la ley, a la moral y al orden p\u00fablico;<\/span><\/p>\n<p class=\"p1\"><span class=\"s1\">(c) induzca, incite o promueva actuaciones, actitudes o pensamientos discriminatorios por raz\u00f3n de sexo, raza, religi\u00f3n, creencias, edad o condici\u00f3n;<\/span><\/p>\n<p class=\"p1\"><span class=\"s1\">(d) sea contrario al derecho al honor, a la intimidad personal o familiar o a la propia imagen de las personas;<\/span><\/p>\n<p class=\"p1\"><span class=\"s1\">(e) de cualquier manera perjudique la credibilidad del prestador o de terceros;<\/span><\/p>\n<p class=\"p1\"><span class=\"s1\">(f) contenga alg\u00fan virus (troyanos, worm, backdoors, zombie, hijackers\u2026) que perjudique el funcionamiento de los sistemas; y<\/span><\/p>\n<p class=\"p1\"><span class=\"s1\">(g) constituya publicidad il\u00edcita, enga\u00f1osa o desleal. <\/span><\/p>\n<p class=\"p1\"><span class=\"s1\">En caso de incumpliendo de la Ley o alguna de las condiciones recogidas en este Aviso Legal y\/o Pol\u00edtica de privacidad, el Usuario responder\u00e1 por da\u00f1os y perjuicios que se causen a INGOGROUP IMPRESI\u00d3N Y DISE\u00d1O, S.A. o a terceros proveedores.<\/span><\/p>\n<p class=\"p9\"><span class=\"s1\"><b><br>G) Ley Aplicable y Jurisdicci\u00f3n.<\/b><\/span><\/p>\n<p class=\"p9\"><span class=\"s1\">Para la resoluci\u00f3n de todas las controversias o cuestiones relacionadas con el presente sitio web o de las actividades en \u00e9l desarrolladas, ser\u00e1 de aplicaci\u00f3n la legislaci\u00f3n espa\u00f1ola, a la que se someten expresamente las partes, siendo competentes para la resoluci\u00f3n de todos los conflictos derivados o relacionados con su uso los Juzgados y Tribunales de GIRONA.<\/span><\/p>\n<\/div>\n<\/div>\t\t\t\t\t\t\t\t<\/div>\n\t\t\t\t<\/div>\n\t\t\t\t\t<\/div>\n\t\t<\/div>\n\t\t\t\t\t<\/div>\n\t\t<\/section>\n\t\t\t\t<\/div>","protected":false},"excerpt":{"rendered":"<p>AVISO LEGAL El prestador, responsable del sitio web, pone a disposici\u00f3n de los usuarios el presente documento con el que pretende dar cumplimiento a las obligaciones dispuestas en la Ley 34\/2002, de Servicios de la Sociedad de la Informaci\u00f3n y del Comercio Electr\u00f3nico (LSSI-CE), as\u00ed como informar a todos los usuarios del sitio web respecto [&hellip;]<\/p>\n","protected":false},"author":1,"featured_media":0,"parent":0,"menu_order":0,"comment_status":"closed","ping_status":"closed","template":"","meta":{"_acf_changed":false,"footnotes":""},"class_list":["post-2461","page","type-page","status-publish","hentry"],"acf":[],"_links":{"self":[{"href":"https:\/\/www.ingogroup.es\/fr\/wp-json\/wp\/v2\/pages\/2461","targetHints":{"allow":["GET"]}}],"collection":[{"href":"https:\/\/www.ingogroup.es\/fr\/wp-json\/wp\/v2\/pages"}],"about":[{"href":"https:\/\/www.ingogroup.es\/fr\/wp-json\/wp\/v2\/types\/page"}],"author":[{"embeddable":true,"href":"https:\/\/www.ingogroup.es\/fr\/wp-json\/wp\/v2\/users\/1"}],"replies":[{"embeddable":true,"href":"https:\/\/www.ingogroup.es\/fr\/wp-json\/wp\/v2\/comments?post=2461"}],"version-history":[{"count":23,"href":"https:\/\/www.ingogroup.es\/fr\/wp-json\/wp\/v2\/pages\/2461\/revisions"}],"predecessor-version":[{"id":2848,"href":"https:\/\/www.ingogroup.es\/fr\/wp-json\/wp\/v2\/pages\/2461\/revisions\/2848"}],"wp:attachment":[{"href":"https:\/\/www.ingogroup.es\/fr\/wp-json\/wp\/v2\/media?parent=2461"}],"curies":[{"name":"wp","href":"https:\/\/api.w.org\/{rel}","templated":true}]}}