{"id":2530,"date":"2023-03-01T10:26:26","date_gmt":"2023-03-01T09:26:26","guid":{"rendered":"https:\/\/www.ingogroup.es\/?page_id=2530"},"modified":"2023-10-16T12:02:40","modified_gmt":"2023-10-16T10:02:40","slug":"politica-de-cookies","status":"publish","type":"page","link":"https:\/\/www.ingogroup.es\/fr\/politica-de-cookies\/","title":{"rendered":"Pol\u00edtica de cookies"},"content":{"rendered":"<div data-elementor-type=\"wp-page\" data-elementor-id=\"2530\" class=\"elementor elementor-2530\" data-elementor-post-type=\"page\">\n\t\t\t\t\t\t<section class=\"elementor-section elementor-top-section elementor-element elementor-element-5f4a7a2 elementor-section-boxed elementor-section-height-default elementor-section-height-default\" data-id=\"5f4a7a2\" data-element_type=\"section\" data-e-type=\"section\">\n\t\t\t\t\t\t<div class=\"elementor-container elementor-column-gap-default\">\n\t\t\t\t\t<div class=\"elementor-column elementor-col-100 elementor-top-column elementor-element elementor-element-f2a2da9\" data-id=\"f2a2da9\" data-element_type=\"column\" data-e-type=\"column\">\n\t\t\t<div class=\"elementor-widget-wrap elementor-element-populated\">\n\t\t\t\t\t\t<div class=\"elementor-element elementor-element-80d2525 elementor-widget elementor-widget-heading\" data-id=\"80d2525\" data-element_type=\"widget\" data-e-type=\"widget\" data-widget_type=\"heading.default\">\n\t\t\t\t<div class=\"elementor-widget-container\">\n\t\t\t\t\t<h2 class=\"elementor-heading-title elementor-size-default\">POLITIQUE DE COOKIES<\/h2>\t\t\t\t<\/div>\n\t\t\t\t<\/div>\n\t\t\t\t<div class=\"elementor-element elementor-element-1333d9a animated-slow elementor-invisible elementor-widget elementor-widget-text-editor\" data-id=\"1333d9a\" data-element_type=\"widget\" data-e-type=\"widget\" data-settings=\"{&quot;_animation&quot;:&quot;fadeIn&quot;,&quot;_animation_delay&quot;:600}\" data-widget_type=\"text-editor.default\">\n\t\t\t\t<div class=\"elementor-widget-container\">\n\t\t\t\t\t\t\t\t\t<div class=\"wpb_text_column wpb_content_element\"><div class=\"wpb_wrapper\"><p class=\"p2\"><span class=\"s1\"><b>A) Definici\u00f3n de \u201ccookie\u201d y su funci\u00f3n<\/b><\/span><\/p><p class=\"p3\"><span class=\"s1\">Una cookie es un fichero que se descarga en su ordenador al acceder a determinadas p\u00e1ginas web. Las cookies permiten, entre otras cosas, almacenar y recuperar informaci\u00f3n sobre los h\u00e1bitos de navegaci\u00f3n de un usuario o de su equipo y, dependiendo de la informaci\u00f3n que contenga y de la forma en que utilice su equipo, pueden utilizarse para reconocer al usuario. Las cookies son esenciales para el funcionamiento de Internet, ya que aportan innumerables ventajas en la prestaci\u00f3n de servicios interactivos y facilitan la navegaci\u00f3n y uso de nuestra web.<\/span><\/p><p class=\"p3\"><span class=\"s1\">Existen distintos tipos de \u201ccookies\u201d que se clasifican en funci\u00f3n de la entidad que las gestione, la finalidad y el plazo de permanencia. En el siguiente apartado se muestra dicha clasificaci\u00f3n, junto con la definici\u00f3n de cada tipo.<\/span><\/p><p class=\"p2\"><span class=\"s1\"><b>Tipos de cookies<\/b><\/span><\/p><p class=\"p3\"><span style=\"text-decoration: underline;\">Entidad<\/span><\/p><ul><li><p class=\"p1\"><span class=\"s1\">Cookies propias:<br \/><\/span><span class=\"s1\">Se env\u00edan al equipo terminal del usuario desde un equipo o dominio gestionado por el propio editor y desde el que se presta el servicio solicitado por el usuario.<\/span><\/p><\/li><\/ul><p class=\"p1\"><span style=\"text-decoration: underline;\"><span class=\"s1\">Gestora<\/span><\/span><\/p><ul><li><p class=\"p1\"><span class=\"s1\">Cookies de terceros<\/span><span class=\"s1\">:<br \/><\/span><span class=\"s1\">Se transmiten al equipo terminal del usuario desde un equipo o dominio que no es gestionado por el editor, sino por otra entidad que trata los datos obtenidos a trav\u00e9s de las cookies.<\/span><\/p><\/li><\/ul><p class=\"p1\"><span style=\"text-decoration: underline;\"><span class=\"s1\">Plazo de permanencia<\/span><\/span><\/p><ul><li><p class=\"p1\"><span class=\"s1\">Cookies de sesi\u00f3n<\/span><span class=\"s1\">:<br \/><\/span><span class=\"s1\">Recaban y almacenan datos mientras el usuario accede a una p\u00e1gina web. Se suelen emplear para almacenar informaci\u00f3n que solo interesa conservar para la prestaci\u00f3n del servicio solicitado por el usuario en una sola ocasi\u00f3n y desaparecen al terminar la sesi\u00f3n.<\/span><\/p><\/li><li><p class=\"p1\"><span class=\"s1\">Cookies persistentes:<br \/><\/span><span class=\"s1\">Los datos siguen almacenados en el terminal y pueden ser accedidos y tratados durante un periodo definido por el responsable de la cookie, yendo de unos minutos a varios a\u00f1os.<\/span><\/p><\/li><\/ul><p class=\"p1\"><span style=\"text-decoration: underline;\"><span class=\"s1\">Finalidad<\/span><\/span><\/p><ul><li><p class=\"p1\"><span class=\"s1\">Cookies t\u00e9cnicas o necesarias:<br \/><\/span><span class=\"s1\">Permiten al usuario la navegaci\u00f3n a trav\u00e9s de la plataforma y la utilizaci\u00f3n de las diferentes opciones o servicios que en ella existan, incluyendo aquellas que el editor utiliza para permitir la gesti\u00f3n y operativa de la p\u00e1gina web y habilitar sus funciones y servicios.<\/span><\/p><\/li><li><p class=\"p1\"><span class=\"s1\">Cookies de preferencia o funcionalidad:<br \/><\/span><span class=\"s1\">Recuerdan cierta informaci\u00f3n para que el usuario acceda a la plataforma con determinadas caracter\u00edsticas con respecto a otros usuarios, como por ejemplo el idioma.<\/span><\/p><\/li><li><p class=\"p1\"><span class=\"s1\">Cookies de estad\u00edstica o an\u00e1lisis:<br \/><\/span><span class=\"s1\">Permite al responsable de la cookie el seguimiento y an\u00e1lisis del comportamiento de los usuarios de los sitios web a los que est\u00e1n vinculadas, incluida la cuantificaci\u00f3n de la publicidad.<\/span><\/p><\/li><li><p class=\"p1\"><span class=\"s1\">Cookies de marketing o publicidad:<br \/><\/span><span class=\"s1\">Almacenan informaci\u00f3n del comportamiento de los usuarios obtenida a trav\u00e9s de la observaci\u00f3n continuada de sus h\u00e1bitos de navegaci\u00f3n, lo que permite desarrollar un perfil espec\u00edfico para enviar publicidad especifica. <\/span><span class=\"s1\">\u00a0<\/span><\/p><\/li><\/ul><\/div><\/div>\t\t\t\t\t\t\t\t<\/div>\n\t\t\t\t<\/div>\n\t\t\t\t<div class=\"elementor-element elementor-element-8ac3620 animated-slow elementor-invisible elementor-widget elementor-widget-text-editor\" data-id=\"8ac3620\" data-element_type=\"widget\" data-e-type=\"widget\" data-settings=\"{&quot;_animation&quot;:&quot;fadeIn&quot;,&quot;_animation_delay&quot;:600}\" data-widget_type=\"text-editor.default\">\n\t\t\t\t<div class=\"elementor-widget-container\">\n\t\t\t\t\t\t\t\t\t<div>\n<div>\n<p><b>B) Informaci\u00f3n sobre el tipo de \u201ccookies\u201d que se utilizan, finalidad y duraci\u00f3n.<\/b><\/p>\n<p><strong>COOKIES T\u00c9CNICAS O NECESARIAS<\/strong><\/p>\n<p><span style=\"text-decoration: underline;\">cookielawinfo-checkbox-advertisement<\/span><\/p>\n<ul>\n<li>Entidad gestora: Propia<\/li>\n<li>Finalidad: Establecida por el complemento de consentimiento de cookies de GDPR, esta cookie se utiliza para registrar el consentimiento del usuario para las cookies en la categor\u00eda \u00abPublicitarias\u00bb.<\/li>\n<li>Duraci\u00f3n: 1 a\u00f1o<\/li>\n<\/ul>\n<p><span style=\"text-decoration: underline;\"><br>cookielawinfo-checkbox-analytics<\/span><\/p>\n<ul>\n<li>Entidad gestora: Propia<\/li>\n<li>Finalidad: Esta cookie est\u00e1 configurada por el complemento de consentimiento de cookies de GDPR. La cookie se utiliza para almacenar el consentimiento del usuario para las cookies en la categor\u00eda \u00abAnal\u00edtica\u00bb.<\/li>\n<li>Duraci\u00f3n: 11 meses<\/li>\n<\/ul>\n<p><span style=\"text-decoration: underline;\">cookielawinfo-checkbox-functional<\/span><\/p>\n<ul>\n<li style=\"font-size: 16px;\">Entidad gestora: Propia<\/li>\n<li>Finalidad: La cookie est\u00e1 configurada por el consentimiento de cookies de GDPR para registrar el consentimiento del usuario para las cookies en la categor\u00eda \u00abFuncionalidad\u00bb.<\/li>\n<li>Duraci\u00f3n: 11 meses<\/li>\n<\/ul>\n<p><span style=\"text-decoration: underline;\"><br>cookielawinfo-checkbox-necessary<\/span><\/p>\n<ul>\n<li style=\"font-size: 16px;\">Entidad gestora: Propia<\/li>\n<li>Finalidad: Esta cookie est\u00e1 configurada por el complemento de consentimiento de cookies de GDPR. Las cookies se utilizan para almacenar el consentimiento del usuario para las cookies en la categor\u00eda \u00abNecesarias\u00bb.<\/li>\n<li>Duraci\u00f3n: 11 meses<\/li>\n<\/ul>\n<p><span style=\"text-decoration: underline;\"><br>cookielawinfo-checkbox-others<\/span><\/p>\n<ul>\n<li style=\"font-size: 16px;\">Entidad gestora: Propia<\/li>\n<li>Finalidad: Esta cookie est\u00e1 configurada por el complemento de consentimiento de cookies de GDPR. La cookie se utiliza para almacenar el consentimiento del usuario para las cookies en la categor\u00eda \u00abOtras\u00bb.<\/li>\n<li>Duraci\u00f3n: 11 meses<\/li>\n<\/ul>\n<p><span style=\"text-decoration: underline;\"><br>cookielawinfo-checkbox-performance<\/span><\/p>\n<ul>\n<li style=\"font-size: 16px;\">Entidad gestora: Propia<\/li>\n<li>Finalidad: Esta cookie est\u00e1 configurada por el complemento de consentimiento de cookies de GDPR. La cookie se utiliza para almacenar el consentimiento del usuario para las cookies en la categor\u00eda \u00abRendimiento\u00bb.<\/li>\n<li>Duraci\u00f3n: 11 meses<\/li>\n<\/ul>\n<p><span style=\"text-decoration: underline;\"><br>CookieLawInfoConsent<\/span><\/p>\n<ul>\n<li style=\"font-size: 16px;\">Entidad gestora: Propia<\/li>\n<li>Finalidad: Registra el estado del bot\u00f3n predeterminado de la categor\u00eda correspondiente y el estado de CCPA. Funciona solo en coordinaci\u00f3n con la cookie principal.<\/li>\n<li>Duraci\u00f3n: 1 a\u00f1o<\/li>\n<\/ul>\n<p><span style=\"text-decoration: underline;\">elementor<\/span><\/p>\n<ul>\n<li>Entidad gestora: Terceros<\/li>\n<li>Finalidad: Esta cookie es utilizada por el tema de WordPress del sitio web. Permite al propietario del sitio web implementar o cambiar el contenido del sitio web en tiempo real.<\/li>\n<li>Duraci\u00f3n: nunca<\/li>\n<\/ul>\n<p><span style=\"text-decoration: underline;\">viewed_cookie_policy<\/span><\/p>\n<ul>\n<li style=\"font-size: 16px;\">Entidad gestora: Propia<\/li>\n<li>Finalidad: La cookie est\u00e1 configurada por el complemento de consentimiento de cookies de GDPR y se utiliza para almacenar si el usuario ha dado su consentimiento o no para el uso de cookies. No almacena ning\u00fan dato personal.<\/li>\n<li>Duraci\u00f3n: 11 meses<\/li>\n<\/ul>\n<\/div>\n<\/div>\n<p><b>COOKIES DE PREFERENCIA O FUNCIONALIDAD<\/b><\/p>\n<p>No existentes<\/p>\n<p><b><br>COOKIES DE ESTAD\u00cdSTICA O AN\u00c1LISIS<\/b><\/p>\n<p><span style=\"text-decoration: underline;\">_ga<\/span><\/p>\n<ul>\n<li style=\"font-size: 16px;\">Entidad gestora: Terceros<\/li>\n<li>Finalidad: La cookie _ga, instalada por Google Analytics, calcula los datos de visitantes, sesiones y campa\u00f1as y tambi\u00e9n realiza un seguimiento del uso del sitio para el informe anal\u00edtico del sitio. La cookie almacena informaci\u00f3n de forma an\u00f3nima y asigna un n\u00famero generado aleatoriamente para reconocer a visitantes \u00fanicos.<\/li>\n<li>Duraci\u00f3n: 2 a\u00f1os<\/li>\n<\/ul>\n<p><span style=\"text-decoration: underline;\">_ga_ZDHZD4GP98<\/span><\/p>\n<ul>\n<li style=\"font-size: 16px;\">Entidad gestora: Terceros<\/li>\n<li>Finalidad: Esta cookie es instalada por Google Analytics.<\/li>\n<li>Duraci\u00f3n: 2 a\u00f1os<\/li>\n<\/ul>\n<p><b>COOKIES DE MARKETING O PUBLICIDAD<\/b><\/p>\n<p>No existentes<\/p>\t\t\t\t\t\t\t\t<\/div>\n\t\t\t\t<\/div>\n\t\t\t\t<div class=\"elementor-element elementor-element-f22acf4 animated-slow elementor-invisible elementor-widget elementor-widget-text-editor\" data-id=\"f22acf4\" data-element_type=\"widget\" data-e-type=\"widget\" data-settings=\"{&quot;_animation&quot;:&quot;fadeIn&quot;,&quot;_animation_delay&quot;:600}\" data-widget_type=\"text-editor.default\">\n\t\t\t\t<div class=\"elementor-widget-container\">\n\t\t\t\t\t\t\t\t\t<div class=\"wpb_text_column wpb_content_element\"><div class=\"wpb_wrapper\"><p class=\"p1\"><span class=\"s1\"><b>C) Identificaci\u00f3n de la \u201ccookie\u201d <\/b><\/span><\/p><p class=\"p2\"><span class=\"s1\">Puede dirigirse a diversas organizaciones de anunciantes d\u00f3nde adem\u00e1s de encontrar informaci\u00f3n \u00fatil, podr\u00e1 configurar, proveedor por proveedor, sus preferencias sobre las cookies publicitarias de terceros. Estos proveedores son:<\/span><\/p><ul class=\"ul1\"><li class=\"li3\"><span class=\"s3\">Google Analyitics: <a href=\"https:\/\/developers.google.com\/analytics\/devguides\/collection\/gajs\/cookie-usage?hl=es\" target=\"_blank\" rel=\"noopener\"><span class=\"s4\">https:\/\/developers.google.com\/analytics\/devguides\/collection\/gajs\/cookie-usage?hl=es<\/span><\/a><\/span><\/li><\/ul><p>\u00a0<\/p><p class=\"p1\"><span class=\"s1\"><b>D) Informaci\u00f3n sobre como aceptar, denegar o revocar las cookies. <\/b><\/span><\/p><p class=\"p2\"><span class=\"s1\">INGOGROUP IMPRESI\u00d3N Y DISE\u00d1O, S.A. informa al usuario que podr\u00e1 aceptar (de forma total o parcial) o denegar el consentimiento de las cookies al entrar por primera vez a la p\u00e1gina, excepto las t\u00e9cnicas o estrictamente necesarias, mediante la aparici\u00f3n de un \u201ccookie bar\u201d destinado a tal efecto.<\/span><\/p><p class=\"p2\"><span class=\"s1\">Tambi\u00e9n se le informa de la posibilidad de configurar su navegador, de modo que se le notifique la recepci\u00f3n de cookies, pudiendo, si as\u00ed lo desea, impedir que sean instaladas en su disco duro. <\/span><\/p><p class=\"p2\"><span class=\"s1\">Puede eliminar o bloquear las \u201ccookies\u201d instaladas a trav\u00e9s de su navegador. A continuaci\u00f3n, le proporcionamos los enlaces de diversos navegadores a trav\u00e9s de los cuales podr\u00e1 realizar dicha configuraci\u00f3n:<\/span><\/p><ul class=\"ul1\"><li class=\"li3\"><span class=\"s3\"><b>GOOGLE CHROME:<\/b> <a href=\"http:\/\/support.google.com\/chrome\/bin\/answer.py?hl=es&amp;answer=95647\" target=\"_blank\" rel=\"noopener\"><span class=\"s4\">http:\/\/support.google.com\/chrome\/bin\/answer.py?hl=es&amp;answer=95647<\/span><\/a><\/span><\/li><li class=\"li3\"><span class=\"s3\"><b>MOZILLA FIREFOX:<\/b> <a href=\"https:\/\/support.mozilla.org\/es\/kb\/Borrar%2520cookies\" target=\"_blank\" rel=\"noopener\"><span class=\"s4\">https:\/\/support.mozilla.org\/es\/kb\/Borrar%20cookies<\/span><\/a><\/span><\/li><li class=\"li3\"><span class=\"s3\"><b>INTERNET EXPLORER:<\/b> <a href=\"http:\/\/windows.microsoft.com\/es-es\/internet-explorer\/delete-manage-cookies#ie=ie-10\" target=\"_blank\" rel=\"noopener\"><span class=\"s4\">http:\/\/windows.microsoft.com\/es-es\/internet-explorer\/delete-manage-cookies#ie=ie-10<\/span><\/a><\/span><\/li><li class=\"li3\"><span class=\"s3\"><b>SAFARI:<\/b> : <a href=\"https:\/\/support.apple.com\/kb\/ph17191?locale=es_ES\" target=\"_blank\" rel=\"noopener\"><span class=\"s4\">https:\/\/support.apple.com\/kb\/ph17191?locale=es_ES<\/span><\/a><\/span><\/li><li class=\"li3\"><span class=\"s3\"><b>OPERA:<\/b> <a href=\"https:\/\/help.opera.com\/en\/latest\/web-preferences\/#cookies\" target=\"_blank\" rel=\"noopener\"><span class=\"s4\">https:\/\/help.opera.com\/en\/latest\/web-preferences\/#cookies<\/span><\/a><\/span><\/li><\/ul><p>\u00a0<\/p><p class=\"p1\"><span class=\"s1\"><b>E) Transferencias internacionales de datos y elaboraci\u00f3n de perfiles<\/b><\/span><\/p><p class=\"p2\"><span class=\"s1\">Puede consultar esta informaci\u00f3n en la <\/span><span class=\"s4\">pol\u00edtica de privacidad<\/span><span class=\"s1\">. <\/span><\/p><p class=\"p5\"><span class=\"s1\"><b>Idioma de redacci\u00f3n:<\/b> Espa\u00f1ol<\/span><\/p><p class=\"p5\"><span class=\"s1\"><b>Idiomas disponibles:<\/b> Espa\u00f1ol<\/span><\/p><p class=\"p5\"><span class=\"s1\"><b>\u00daltima actualizaci\u00f3n:<\/b> 23\/02\/2023<\/span><\/p><\/div><\/div>\t\t\t\t\t\t\t\t<\/div>\n\t\t\t\t<\/div>\n\t\t\t\t\t<\/div>\n\t\t<\/div>\n\t\t\t\t\t<\/div>\n\t\t<\/section>\n\t\t\t\t<\/div>","protected":false},"excerpt":{"rendered":"<p>POL\u00cdTICA DE COOKIES A) Definici\u00f3n de \u201ccookie\u201d y su funci\u00f3n Una cookie es un fichero que se descarga en su ordenador al acceder a determinadas p\u00e1ginas web. Las cookies permiten, entre otras cosas, almacenar y recuperar informaci\u00f3n sobre los h\u00e1bitos de navegaci\u00f3n de un usuario o de su equipo y, dependiendo de la informaci\u00f3n que [&hellip;]<\/p>\n","protected":false},"author":1,"featured_media":0,"parent":0,"menu_order":0,"comment_status":"closed","ping_status":"closed","template":"","meta":{"_acf_changed":false,"footnotes":""},"class_list":["post-2530","page","type-page","status-publish","hentry"],"acf":[],"_links":{"self":[{"href":"https:\/\/www.ingogroup.es\/fr\/wp-json\/wp\/v2\/pages\/2530","targetHints":{"allow":["GET"]}}],"collection":[{"href":"https:\/\/www.ingogroup.es\/fr\/wp-json\/wp\/v2\/pages"}],"about":[{"href":"https:\/\/www.ingogroup.es\/fr\/wp-json\/wp\/v2\/types\/page"}],"author":[{"embeddable":true,"href":"https:\/\/www.ingogroup.es\/fr\/wp-json\/wp\/v2\/users\/1"}],"replies":[{"embeddable":true,"href":"https:\/\/www.ingogroup.es\/fr\/wp-json\/wp\/v2\/comments?post=2530"}],"version-history":[{"count":17,"href":"https:\/\/www.ingogroup.es\/fr\/wp-json\/wp\/v2\/pages\/2530\/revisions"}],"predecessor-version":[{"id":2851,"href":"https:\/\/www.ingogroup.es\/fr\/wp-json\/wp\/v2\/pages\/2530\/revisions\/2851"}],"wp:attachment":[{"href":"https:\/\/www.ingogroup.es\/fr\/wp-json\/wp\/v2\/media?parent=2530"}],"curies":[{"name":"wp","href":"https:\/\/api.w.org\/{rel}","templated":true}]}}