{"id":2539,"date":"2023-03-01T11:07:31","date_gmt":"2023-03-01T10:07:31","guid":{"rendered":"https:\/\/www.ingogroup.es\/?page_id=2539"},"modified":"2025-09-04T13:19:20","modified_gmt":"2025-09-04T11:19:20","slug":"politica-de-privacidad","status":"publish","type":"page","link":"https:\/\/www.ingogroup.es\/fr\/politica-de-privacidad\/","title":{"rendered":"Pol\u00edtica de privacidad"},"content":{"rendered":"<div data-elementor-type=\"wp-page\" data-elementor-id=\"2539\" class=\"elementor elementor-2539\" data-elementor-post-type=\"page\">\n\t\t\t\t\t\t<section class=\"elementor-section elementor-top-section elementor-element elementor-element-b47c0da elementor-section-boxed elementor-section-height-default elementor-section-height-default\" data-id=\"b47c0da\" data-element_type=\"section\" data-e-type=\"section\">\n\t\t\t\t\t\t<div class=\"elementor-container elementor-column-gap-default\">\n\t\t\t\t\t<div class=\"elementor-column elementor-col-100 elementor-top-column elementor-element elementor-element-9948749\" data-id=\"9948749\" data-element_type=\"column\" data-e-type=\"column\">\n\t\t\t<div class=\"elementor-widget-wrap elementor-element-populated\">\n\t\t\t\t\t\t<div class=\"elementor-element elementor-element-25f6d81 elementor-widget elementor-widget-heading\" data-id=\"25f6d81\" data-element_type=\"widget\" data-e-type=\"widget\" data-widget_type=\"heading.default\">\n\t\t\t\t<div class=\"elementor-widget-container\">\n\t\t\t\t\t<h2 class=\"elementor-heading-title elementor-size-default\">POLITIQUE DE CONFIDENTIALIT\u00c9<\/h2>\t\t\t\t<\/div>\n\t\t\t\t<\/div>\n\t\t\t\t<div class=\"elementor-element elementor-element-832a6a7 animated-slow elementor-invisible elementor-widget elementor-widget-text-editor\" data-id=\"832a6a7\" data-element_type=\"widget\" data-e-type=\"widget\" data-settings=\"{&quot;_animation&quot;:&quot;fadeIn&quot;,&quot;_animation_delay&quot;:600}\" data-widget_type=\"text-editor.default\">\n\t\t\t\t<div class=\"elementor-widget-container\">\n\t\t\t\t\t\t\t\t\t<p class=\"p3\"><span class=\"s1\">En cumplimento de lo establecido en el Reglamento (UE) 2016\/679 del Parlamento Europeo y del Consejo, de 27 de abril de 2016, relativo a la protecci\u00f3n de las personas f\u00edsicas en lo que respecta al tratamiento de datos personales y a la libre circulaci\u00f3n de estos datos (en adelante RGPD), INGOGROUP IMPRESI\u00d3N Y DISE\u00d1O, S.A. (en adelante \u201cla EMPRESA) informa a los interesados la forma en que se van a tratar sus datos de car\u00e1cter personal cuando se acceda, navegue y se usen los productos y servicios de la EMPRESA. La presente pol\u00edtica de privacidad se aplicar\u00e1 en los siguientes lugares propiedad de la EMPRESA, utilizados para comercializar nuestros productos y servicios:<\/span><\/p><ul class=\"ul1\"><li class=\"li3\"><span class=\"s1\"><b>P\u00e1gina web:<\/b> disponemos de una p\u00e1gina web bajo el dominio principal <a href=\"http:\/\/www.ingogroup.es\/fr\/\" target=\"_blank\" rel=\"noopener\"><span class=\"s3\">www.ingogroup.es<\/span><\/a> <\/span><\/li><li class=\"li3\"><span class=\"s1\"><b>Redes sociales:<\/b> tenemos un perfil en las red social LinkedIn. En este caso solo se aplicar\u00e1 la presente pol\u00edtica de privacidad en la medida que LA EMPRESA obtenga datos de los USUARIOS por medio de estas. <\/span><\/li><\/ul><p class=\"p3\"><span class=\"s1\"><br \/>Al facilitarnos sus datos, Usted declara haber le\u00eddo y conocer la presente Pol\u00edtica de Privacidad, prestando su consentimiento<\/span> <span class=\"s1\">libre, espec\u00edfico, informado e inequ\u00edvoco al tratamiento de sus datos personales de acuerdo a las finalidades y t\u00e9rminos aqu\u00ed expresados.<\/span><\/p><p class=\"p3\"><span class=\"s1\">La EMPRESA podr\u00e1 modificar la presente Pol\u00edtica de Privacidad para adaptarla a las novedades legislativas, jurisprudenciales o de interpretaci\u00f3n de la Agencia Espa\u00f1ola de Protecci\u00f3n de Datos. Estas condiciones de privacidad podr\u00e1n ser complementadas por el Aviso Legal, Pol\u00edtica de Cookies y las Condiciones Generales que, en su caso, se recojan para determinados productos o servicios, si dicho acceso supone alguna especialidad en materia de protecci\u00f3n de datos de car\u00e1cter personal.<\/span><\/p><p class=\"p6\"><span class=\"s1\"><b><br \/>A) Responsable del tratamiento<\/b><\/span><\/p><p class=\"p3\"><span class=\"s1\"><b>Nombre de la empresa:<\/b> INGOGROUP IMPRESI\u00d3N Y DISE\u00d1O, S.A.<\/span><\/p><p class=\"p3\"><span class=\"s1\"><b>NIF: <\/b>A17923418<\/span><\/p><p class=\"p3\"><span class=\"s1\"><b>Direcci\u00f3n:<\/b> C\/Onyar 1-3 &#8211; 17457 &#8211; Riudellots de la Selva &#8211; GIRONA<\/span><\/p><p class=\"p3\"><span class=\"s1\"><b>Tel\u00e9fono:<\/b> 972 478 789<\/span><\/p><p class=\"p3\"><span class=\"s1\"><b>Correo electr\u00f3nico<\/b>: lopd@ingogroup.es<\/span><\/p><p class=\"p3\"><span class=\"s1\"><b>Delegado de protecci\u00f3n de datos<\/b>: LA BUROCRACIA, S.L., con CIF<span class=\"Apple-converted-space\">\u00a0 <\/span>B01690940 y domicilio en AVD. MAS PINS N\u00ba150, 2-1, de 17457 &#8211; RIUDELLOTS DE LA SELVA, de GIRONA (ESPA\u00d1A). Correo electr\u00f3nico: <a href=\"mailto:DPO.CLIENTES@DATAPREVEN.COM\" target=\"_blank\" rel=\"noopener\"><span class=\"s3\">dpo.clientes@datapreven.com<\/span><\/a> <\/span><\/p><p class=\"p6\"><span class=\"s1\"><b><br \/>B) Finalidad y legitimaci\u00f3n del tratamiento<\/b><\/span><\/p><p class=\"p3\"><span class=\"s1\">La EMPRESA usar\u00e1 los datos que proporcione para las siguientes finalidades:<\/span><\/p><ol class=\"ol1\"><li class=\"li3\"><span class=\"s1\">La solicitud de informaci\u00f3n y\/o la contrataci\u00f3n de cualquier producto o servicio ofrecido por la EMPRESA.<\/span><\/li><li class=\"li3\"><span class=\"s1\">Realizar la contrataci\u00f3n de nuestros productos o servicios mediante la aceptaci\u00f3n del correspondiente presupuesto \/ pedido y\/o la firma de un contrato mercantil.<\/span><\/li><li class=\"li3\"><span class=\"s1\">Acciones comerciales, utilizando la informaci\u00f3n proporcionada por el interesado para ofrecerle productos y servicios de un modo personalizado o de car\u00e1cter general.<\/span><\/li><\/ol><p class=\"p3\"><span class=\"s1\">La legitimaci\u00f3n para el tratamiento de sus datos es el consentimiento expreso otorgado mediante un acto positivo y afirmativo. Al rellenar los formularios, marcar la casilla \u201cAcepto la Pol\u00edtica de Privacidad\u201d y hacer clic para enviar los datos, o al remitir correos electr\u00f3nicos a la EMPRESA a trav\u00e9s de las cuentas habilitadas al efecto, usted manifiesta haber le\u00eddo y aceptado expresamente la presente pol\u00edtica de privacidad. As\u00ed mismo otorga su consentimiento inequ\u00edvoco y expreso al tratamiento de sus datos personales conforme a las finalidades indicadas. En caso de que los datos que nos facilite sean err\u00f3neos o incompletos, no ser\u00e1 posible el uso de los productos y servicios.<\/span><\/p><p class=\"p11\"><span class=\"s1\">Los menores de 18 a\u00f1os, pero mayores de 14 a\u00f1os, podr\u00e1n dar el consentimiento para el tratamiento de sus datos. En el caso de que la persona sea menor de 14 a\u00f1os, no podr\u00e1 prestar el consentimiento para el tratamiento de sus datos, quedando bajo la responsabilidad de los padres, madres, tutores, curadores o representantes legales.<\/span><\/p><p class=\"p3\"><span class=\"s1\">La EMPRESA trata las siguientes categor\u00edas de datos:<\/span><\/p><ol class=\"ol1\"><li class=\"li3\"><span class=\"s1\"><b>Datos identificativos:<\/b> Nombre, apellido\/s, direcci\u00f3n, correo electr\u00f3nico y tel\u00e9fono.<\/span><\/li><li class=\"li3\"><span class=\"s1\"><b>Direcci\u00f3n IP<\/b>. <\/span><\/li><\/ol><p class=\"p6\"><span class=\"s1\"><b><br \/>C) Destinatario de los datos<\/b><\/span><\/p><p class=\"p3\"><span class=\"s1\">No se prev\u00e9n cesiones de datos, a excepci\u00f3n de las autorizadas por la legislaci\u00f3n fiscal, mercantil y de telecomunicaciones, as\u00ed como en aquellos casos en los que una autoridad judicial nos lo requiera.<\/span><\/p><p class=\"p6\"><span class=\"s1\"><b><br \/>D) Transferencias internacionales de datos<\/b><\/span><\/p><p class=\"p14\"><span class=\"s1\">No se realizan transferencias internacionales de datos.<\/span><\/p><p class=\"p6\"><span class=\"s1\"><b><br \/>E) Plazo de conservaci\u00f3n<\/b><\/span><\/p><p class=\"p3\"><span class=\"s1\">Conservaremos sus datos personales desde que nos d\u00e9 su consentimiento hasta que lo revoque o bien solicite la limitaci\u00f3n del tratamiento. En tales casos, mantendremos sus datos de manera bloqueada durante los plazos legalmente exigidos.<\/span><\/p><p class=\"p6\"><span class=\"s1\"><b><br \/>F) Derechos del interesado<\/b><\/span><\/p><p class=\"p3\"><span class=\"s1\">El Usuario podr\u00e1 ejercer los siguientes derechos en cuanto a sus datos:<\/span><\/p><ol class=\"ol1\"><li class=\"li3\"><span class=\"s1\"><b>Acceso:<\/b> tiene derecho a obtener la confirmaci\u00f3n por nuestra parte de si se estamos tratando o no sus datos personales, as\u00ed como el acceso a estos.<\/span><\/li><li class=\"li3\"><span class=\"s1\"><b>Rectificaci\u00f3n:<\/b> tiene derecho a obtener la rectificaci\u00f3n de los datos personales inexactos que le conciernen. Tambi\u00e9n tendr\u00e1 derecho a que se completen sus datos personales, en caso de que estos sean incompletos.<\/span><\/li><li class=\"li3\"><span class=\"s1\"><b>Supresi\u00f3n:<\/b> tiene derecho a obtener la supresi\u00f3n de los datos personales, siempre y cuando estos ya no sean necesarios para los fines por los cuales se obtuvieron y no sean necesarios para el cumplimiento de una obligaci\u00f3n legal. <\/span><\/li><li class=\"li3\"><span class=\"s1\"><b>Oposici\u00f3n:<\/b> tiene derecho a oponerse al tratamiento de datos, siempre que se d\u00e9 alguno de los motivos del Art.21 del RGDP.<\/span><\/li><li class=\"li3\"><span class=\"s1\"><b>Limitaci\u00f3n<\/b>: tiene derecho a obtener por nuestra parte la limitaci\u00f3n del tratamiento de datos cuando se cumplan las condiciones establecidas en el Art.18 RGPD.<\/span><\/li><li class=\"li3\"><span class=\"s1\"><b>Portabilidad:<\/b> tiene derecho a recibir los datos personales que nos haya facilitado, en un formato estructurado, de uso com\u00fan y lectura mec\u00e1nica, y a transmitirlos a otro responsable del tratamiento cuando se cumplan los requisitos del Art.20 RGPD.<\/span><\/li><\/ol><p class=\"p3\"><span class=\"s1\"><br \/>En el \u00e1mbito de las redes sociales, solo podr\u00e1n satisfacerse los derechos expuestos en relaci\u00f3n a aquella informaci\u00f3n que se encuentre bajo el control de la EMPRESA. <\/span><\/p><p class=\"p3\"><span class=\"s1\">La EMPRESA le informa que estos derechos tienen las siguientes caracter\u00edsticas: <\/span><\/p><ol class=\"ol1\"><li class=\"li3\"><span class=\"s1\">El ejercicio de estos derechos es gratuito, salvo que se trate de solicitudes manifiestamente infundadas o excesivas (p. ej., car\u00e1cter repetitivo), en cuyo caso la EMPRESA podr\u00e1 cobrar un canon proporcional a los costes administrativos soportados o negarse a actuar.<\/span><\/li><li class=\"li3\"><span class=\"s1\">Puede ejercer los derechos directamente o por medio de su representante legal o voluntario.<\/span><\/li><li class=\"li3\"><span class=\"s1\">La solicitud debe ser respondida por la EMPRESA en el plazo de un mes, excepto que esta sea compleja o se produzca un gran n\u00famero de solicitudes. En ese caso se prorroga el plazo por dos meses m\u00e1s.<\/span><\/li><li class=\"li3\"><span class=\"s1\">Si la EMPRESA no da curso a la solicitud, le informarnos, a m\u00e1s tardar en un mes, de las razones de nuestra no actuaci\u00f3n y la posibilidad de reclamar ante una Autoridad de Control.<\/span><\/li><\/ol><p class=\"p3\"><span class=\"s1\"><br \/>Para ejercer sus derechos, as\u00ed como a no ser objeto de decisiones basadas \u00fanicamente en el tratamiento automatizado de sus datos en su caso, solicitando el correspondiente formulario mediante correo postal dirigido a INGOGROUP IMPRESI\u00d3N Y DISE\u00d1O, S.A. a la direcci\u00f3n indicada en el apartado A), o enviando un correo electr\u00f3nico a lopd@ingogroup.es indicando en el asunto \u201cEjercicio de Derechos LOPD\u201d. En ambos casos recuerde acompa\u00f1ar una copia de un documento que nos permita identificarle.<\/span><\/p><p class=\"p3\"><span class=\"s1\">Asimismo, y especialmente si considera que no ha obtenido satisfacci\u00f3n plena en el ejercicio de sus derechos, le informamos que podr\u00e1 escribir al delegado de protecci\u00f3n de datos en la siguiente direcci\u00f3n: LA BUROCRACIA, S.L., con CIF B01690940 y domicilio en AVD. MAS PINS N\u00ba150, 2-1, de 17457 &#8211; RIUDELLOTS DE LA SELVA, de GIRONA (ESPA\u00d1A). Correo electr\u00f3nico: <a href=\"mailto:DPO.CLIENTES@DATAPREVEN.COM\" target=\"_blank\" rel=\"noopener\"><span class=\"s3\">dpo.clientes@datapreven.com<\/span><\/a> <\/span><\/p><p class=\"p3\"><span class=\"s1\">Por \u00faltimo, tiene derecho a presentar una reclamaci\u00f3n ante la autoridad nacional de control dirigi\u00e9ndose a estos efectos a la Agencia Espa\u00f1ola de Protecci\u00f3n de Datos, C\/ Jorge Juan, 6 \u2013 28001 Madrid.<\/span><\/p><p class=\"p6\"><span class=\"s1\"><b><br \/>G) Decisiones automatizadas<\/b><\/span><\/p><p class=\"p17\"><span class=\"s1\">No se realizan decisiones automatizadas.<\/span><\/p><p class=\"p6\"><span class=\"s1\"><b><br \/>H) Medidas de seguridad<\/b><\/span><\/p><p class=\"p3\"><span class=\"s1\">Dentro de nuestro compromiso por garantizar la seguridad y confidencialidad de sus datos de car\u00e1cter personal, le informamos que se han adoptado las medidas de \u00edndole t\u00e9cnica y organizativas necesarias para garantizar la seguridad de los datos de car\u00e1cter personal y evitar su alteraci\u00f3n, p\u00e9rdida, tratamiento o acceso no autorizado, habida cuenta del estado de la tecnolog\u00eda, la naturaleza de los datos almacenados y los riesgos a que est\u00e9n expuestos, seg\u00fan el Art. 32 del RGPD EU 679\/2016. Todas estas medidas de seguridad son revisadas de forma peri\u00f3dica para garantizar su adecuaci\u00f3n y efectividad.<\/span><\/p><p class=\"p3\"><span class=\"s1\">Sin embargo, la seguridad absoluta no se puede garantizar y no existe ning\u00fan sistema de seguridad que sea impenetrable por lo que, en el caso de cualquier informaci\u00f3n objeto de tratamiento y bajo nuestro control se viese comprometida como consecuencia de una brecha de seguridad, tomaremos las medidas adecuadas para investigar el incidente, notificarlo a la Autoridad de Control y, en su caso, a aquellos usuarios que se hubieran podido ver afectados para que tomen las medidas adecuadas.<\/span><\/p><p class=\"p6\"><span class=\"s1\"><b><br \/>I) Redes sociales<\/b><\/span><\/p><p class=\"p17\"><span class=\"s1\">En cumplimiento de los principios de transparencia detallamos el enlace de la pol\u00edtica de privacidad de las distintas Redes Sociales donde disponemos de alg\u00fan perfil:<\/span><\/p><ul class=\"ul1\"><li class=\"li21\"><span class=\"s6\">LinkedIn: <a href=\"https:\/\/es.linkedin.com\/legal\/privacy-policy\" target=\"_blank\" rel=\"noopener\"><span class=\"s7\">https:\/\/es.linkedin.com\/legal\/privacy-policy<\/span><\/a> <\/span><\/li><\/ul><p><span class=\"s1\"><b><br \/>J) Env\u00edo de curr\u00edculums (apartado Trabaja con Nosotros)<\/b><\/span><\/p><p>Al haber recibido su curr\u00edculum, y en cumplimiento del Reglamento Europeo UE 679\/2016 y la Ley Org\u00e1nica 3\/2018 de protecci\u00f3n de datos de car\u00e1cter personal y garant\u00eda de los derechos digitales, se le informa que:<\/p><ul><li>Todos los datos contenidos en el mismo y que voluntariamente Usted nos ha facilitado, han pasado a formar parte de un tratamiento de datos personales cuyo titular es la EMPRESA.<\/li><li>Que la finalidad de dicho tratamiento es la disponer de datos de posibles solicitantes de empleo los cuales ser\u00e1n tratados respetando al m\u00e1ximo su intimidad.<\/li><li>Que sus datos no ser\u00e1n cedidos a terceros sin su consentimiento expreso, excepto en los supuestos marcados en la mencionada legislaci\u00f3n o por la aplicaci\u00f3n de otras leyes que as\u00ed lo regulen.<\/li><li>Que al habernos enviado Usted mismo dicho curr\u00edculum, entendemos que autoriza a la inclusi\u00f3n de sus datos en dicho tratamiento y a que sean tratados para la finalidad descrita.<\/li><li>Que el plazo de conservaci\u00f3n de sus datos ser\u00e1 de 1 a\u00f1o, o hasta la retirada de su consentimiento.<\/li><\/ul><p><br \/>As\u00ed mismo, le informamos que puede ejercer los derechos explicados en el apartado <strong>F) Derechos del interesado<\/strong><\/p><p><span class=\"s1\"><b>Idioma de redacci\u00f3n:<\/b> Espa\u00f1ol<\/span><\/p><p class=\"p17\"><span class=\"s1\"><b>Idiomas disponibles:<\/b> Espa\u00f1ol<\/span><\/p><p class=\"p17\"><span class=\"s1\"><b>\u00daltima actualizaci\u00f3n:<\/b> 01\/09\/2025<\/span><\/p>\t\t\t\t\t\t\t\t<\/div>\n\t\t\t\t<\/div>\n\t\t\t\t\t<\/div>\n\t\t<\/div>\n\t\t\t\t\t<\/div>\n\t\t<\/section>\n\t\t\t\t<\/div>","protected":false},"excerpt":{"rendered":"<p>POL\u00cdTICA DE PRIVACIDAD En cumplimento de lo establecido en el Reglamento (UE) 2016\/679 del Parlamento Europeo y del Consejo, de 27 de abril de 2016, relativo a la protecci\u00f3n de las personas f\u00edsicas en lo que respecta al tratamiento de datos personales y a la libre circulaci\u00f3n de estos datos (en adelante RGPD), INGOGROUP IMPRESI\u00d3N [&hellip;]<\/p>\n","protected":false},"author":1,"featured_media":0,"parent":0,"menu_order":0,"comment_status":"closed","ping_status":"closed","template":"","meta":{"_acf_changed":false,"footnotes":""},"class_list":["post-2539","page","type-page","status-publish","hentry"],"acf":[],"_links":{"self":[{"href":"https:\/\/www.ingogroup.es\/fr\/wp-json\/wp\/v2\/pages\/2539","targetHints":{"allow":["GET"]}}],"collection":[{"href":"https:\/\/www.ingogroup.es\/fr\/wp-json\/wp\/v2\/pages"}],"about":[{"href":"https:\/\/www.ingogroup.es\/fr\/wp-json\/wp\/v2\/types\/page"}],"author":[{"embeddable":true,"href":"https:\/\/www.ingogroup.es\/fr\/wp-json\/wp\/v2\/users\/1"}],"replies":[{"embeddable":true,"href":"https:\/\/www.ingogroup.es\/fr\/wp-json\/wp\/v2\/comments?post=2539"}],"version-history":[{"count":23,"href":"https:\/\/www.ingogroup.es\/fr\/wp-json\/wp\/v2\/pages\/2539\/revisions"}],"predecessor-version":[{"id":3245,"href":"https:\/\/www.ingogroup.es\/fr\/wp-json\/wp\/v2\/pages\/2539\/revisions\/3245"}],"wp:attachment":[{"href":"https:\/\/www.ingogroup.es\/fr\/wp-json\/wp\/v2\/media?parent=2539"}],"curies":[{"name":"wp","href":"https:\/\/api.w.org\/{rel}","templated":true}]}}